{"id":9786,"date":"2024-10-02T13:41:49","date_gmt":"2024-10-02T11:41:49","guid":{"rendered":"https:\/\/growingseedpaper.com\/eco-merchandising\/"},"modified":"2026-02-03T12:06:58","modified_gmt":"2026-02-03T11:06:58","slug":"eco-merchandising","status":"publish","type":"page","link":"https:\/\/growingseedpaper.com\/it\/eco-merchandising\/","title":{"rendered":"Eco Merchandising"},"content":{"rendered":"<h1 class=\"wp-block-heading\">Il potere del merchandising verde per il vostro marchio<\/h1>\n\nIn un mondo sempre pi\u00f9 attento all&#8217;ambiente, le aziende sono alla ricerca di modi per allineare le loro attivit\u00e0 e i loro prodotti ai valori ecologici.\n\n<br>\n\nUn modo efficace per farlo \u00e8 il merchandising verde, che non solo aiuta le aziende a distinguersi, ma apporta anche numerosi vantaggi al loro marchio. Il merchandising verde si riferisce a prodotti promozionali realizzati con materiali sostenibili, biodegradabili, riciclabili o che contribuiscono in qualche modo alla conservazione dell&#8217;ambiente.\n\n<figure class=\"wp-block-image size-full\"><img loading=\"lazy\" decoding=\"async\" width=\"587\" height=\"550\" src=\"https:\/\/growingseedpaper.com\/wp-content\/uploads\/2024\/12\/merchan_cabecera_1.png\" alt class=\"wp-image-6438\" srcset=\"https:\/\/growingseedpaper.com\/wp-content\/uploads\/2024\/12\/merchan_cabecera_1.png 587w, https:\/\/growingseedpaper.com\/wp-content\/uploads\/2024\/12\/merchan_cabecera_1-300x281.png 300w\" sizes=\"auto, (max-width: 587px) 100vw, 587px\" \/><\/figure>\n\n<h2 class=\"wp-block-heading\">Vantaggi del green merchandising<\/h2>\n\n<h3 class=\"wp-block-heading\">1. Migliorare l&#8217;immagine del marchio<\/h3>\n\nScegliendo un merchandising ecologico, il vostro marchio dimostra il suo impegno per la sostenibilit\u00e0 e l&#8217;ambiente.\nQuesto pu\u00f2 migliorare la percezione del vostro marchio tra i consumatori, dato che sempre pi\u00f9 persone apprezzano le aziende che hanno a cuore il pianeta.\n\n<h3 class=\"wp-block-heading\">2. Differenziazione del mercato<\/h3>\n\nIl merchandising ecologico pu\u00f2 aiutare il vostro marchio a distinguersi in un mercato saturo.\n\nOffrendo prodotti promozionali ecologici, il vostro marchio si distingue dalla massa, attirando nuovi clienti e fidelizzando quelli esistenti.\n\n<h3 class=\"wp-block-heading\">3. Incoraggia la fedelt\u00e0 dei clienti<\/h3>\n\nI clienti tendono a essere fedeli ai marchi che condividono i loro valori.\n\nAdottando pratiche ecologiche, il vostro marchio pu\u00f2 attrarre clienti che apprezzano la sostenibilit\u00e0, il che pu\u00f2 favorire una fidelizzazione a lungo termine.\n\n<h3 class=\"wp-block-heading\">4. Contribuisce alla sostenibilit\u00e0<\/h3>\n\nScegliendo prodotti promozionali ecologici, il vostro marchio si allinea alla sostenibilit\u00e0.\n\n<figure class=\"wp-block-image size-large\"><img loading=\"lazy\" decoding=\"async\" width=\"1024\" height=\"214\" src=\"https:\/\/growingseedpaper.com\/wp-content\/uploads\/2024\/12\/Merchan_fondo-1024x214.jpeg\" alt class=\"wp-image-6439\" srcset=\"https:\/\/growingseedpaper.com\/wp-content\/uploads\/2024\/12\/Merchan_fondo-1024x214.jpeg 1024w, https:\/\/growingseedpaper.com\/wp-content\/uploads\/2024\/12\/Merchan_fondo-300x63.jpeg 300w, https:\/\/growingseedpaper.com\/wp-content\/uploads\/2024\/12\/Merchan_fondo-768x161.jpeg 768w, https:\/\/growingseedpaper.com\/wp-content\/uploads\/2024\/12\/Merchan_fondo.jpeg 1280w\" sizes=\"auto, (max-width: 1024px) 100vw, 1024px\" \/><\/figure>\n\n\u00c8 un bene per la biodiversit\u00e0 e l&#8217;ecosistema perch\u00e9 i nostri prodotti di merchandising biologico contengono semi di diverse variet\u00e0 di piante, fiori, erbe e ortaggi. Attireranno api, farfalle e altri insetti impollinatori. <br>\n\u00c8 un bene per le vostre campagne di comunicazione perch\u00e9 provocherete una risposta positiva e un maggiore richiamo.\n\n<h2 class=\"has-text-align-right wp-block-heading\">Tutto ci\u00f2 che si raccoglie dopo aver seminato \u00e8 buono<\/h2>\n\n<h1 class=\"wp-block-heading\">Il potere del merchandising verde per il vostro marchio<\/h1>\n\nIn un mondo sempre pi\u00f9 attento all&#8217;ambiente, le aziende sono alla ricerca di modi per allineare le loro attivit\u00e0 e i loro prodotti ai valori ecologici.\n\n<br>\n\nUn modo efficace per farlo \u00e8 il merchandising verde, che non solo aiuta le aziende a distinguersi, ma apporta anche numerosi vantaggi al loro marchio. Il merchandising verde si riferisce a prodotti promozionali realizzati con materiali sostenibili, biodegradabili, riciclabili o che contribuiscono in qualche modo alla conservazione dell&#8217;ambiente.\n\n<figure class=\"wp-block-image size-full\"><img loading=\"lazy\" decoding=\"async\" width=\"587\" height=\"550\" src=\"https:\/\/growingseedpaper.com\/wp-content\/uploads\/2024\/12\/merchan_cabecera_1.png\" alt class=\"wp-image-6438\" srcset=\"https:\/\/growingseedpaper.com\/wp-content\/uploads\/2024\/12\/merchan_cabecera_1.png 587w, https:\/\/growingseedpaper.com\/wp-content\/uploads\/2024\/12\/merchan_cabecera_1-300x281.png 300w\" sizes=\"auto, (max-width: 587px) 100vw, 587px\" \/><\/figure>\n\n<h2 class=\"wp-block-heading\">Ulteriori informazioni:<\/h2>\n\n<h2 class=\"wp-block-heading\">Ulteriori informazioni:<\/h2>","protected":false},"excerpt":{"rendered":"<p>Questo tipo di merchandising non solo aiuta le aziende a distinguersi, ma porta anche numerosi vantaggi al loro marchio.<\/p>\n","protected":false},"author":1,"featured_media":0,"parent":0,"menu_order":0,"comment_status":"closed","ping_status":"closed","template":"","meta":{"_acf_changed":false,"footnotes":""},"class_list":["post-9786","page","type-page","status-publish","hentry"],"acf":[],"_links":{"self":[{"href":"https:\/\/growingseedpaper.com\/it\/wp-json\/wp\/v2\/pages\/9786","targetHints":{"allow":["GET"]}}],"collection":[{"href":"https:\/\/growingseedpaper.com\/it\/wp-json\/wp\/v2\/pages"}],"about":[{"href":"https:\/\/growingseedpaper.com\/it\/wp-json\/wp\/v2\/types\/page"}],"author":[{"embeddable":true,"href":"https:\/\/growingseedpaper.com\/it\/wp-json\/wp\/v2\/users\/1"}],"replies":[{"embeddable":true,"href":"https:\/\/growingseedpaper.com\/it\/wp-json\/wp\/v2\/comments?post=9786"}],"version-history":[{"count":2,"href":"https:\/\/growingseedpaper.com\/it\/wp-json\/wp\/v2\/pages\/9786\/revisions"}],"predecessor-version":[{"id":16457,"href":"https:\/\/growingseedpaper.com\/it\/wp-json\/wp\/v2\/pages\/9786\/revisions\/16457"}],"wp:attachment":[{"href":"https:\/\/growingseedpaper.com\/it\/wp-json\/wp\/v2\/media?parent=9786"}],"curies":[{"name":"wp","href":"https:\/\/api.w.org\/{rel}","templated":true}]}}