{"id":9780,"date":"2024-09-10T14:25:14","date_gmt":"2024-09-10T12:25:14","guid":{"rendered":"https:\/\/growingseedpaper.com\/avviso-legale\/"},"modified":"2025-04-26T14:50:32","modified_gmt":"2025-04-26T12:50:32","slug":"avviso-legale","status":"publish","type":"page","link":"https:\/\/growingseedpaper.com\/it\/avviso-legale\/","title":{"rendered":"Avviso legale"},"content":{"rendered":"<h2 class=\"wp-block-heading\">Informazioni e condizioni di utilizzo<\/h2><h1 class=\"wp-block-heading\">Avviso legale<\/h1><h3 class=\"wp-block-heading\">Informazioni legali<\/h3>El art\u00edculo 10 de la Ley 34\/2002, de 11 de julio, de Servicios de la Sociedad de la Informaci\u00f3n y de Comercio Electr\u00f3nico establece la obligaci\u00f3n de todos los prestadores de servicios de la sociedad de la informaci\u00f3n de disponer de medios que permitan, tanto a los destinatarios del servicio como a los \u00f3rganos competentes, a acceder por medios electr\u00f3nicos, de forma permanente, f\u00e1cil, directa y gratuita a determinada informaci\u00f3n que proporcionamos en este apartado.Datos del titular del sitio web www.papelconsemillas.com:<br\/>Titular:GRUPO POSTA 2004, S.L. (en adelante, PAPEL CON SEMILLAS)<br\/>NIF: B01349679<br\/>Domicilio: calle Albertia, n\u00ba 18-20 Bajo 01006 de Vitoria (\u00c1lava)<br\/>Tel\u00e9fono: +34 945 120 664<br\/>Correo electr\u00f3nico: naturalb@grupoposta.com<br\/>Datos de inscripci\u00f3n registral:\u202fGRUPO POSTA 2004, S.L.\u202fse encuentra inscrita en el Registro Mercantil de \u00c1lava, al Tomo 1089, Folio 128, Secci\u00f3n 8, Hoja VI-9339.<h3 class=\"wp-block-heading\">Condizioni di utilizzo del sito web<\/h3>Al usar el sitio web www.papelconsemillas.com, se entiende que has le\u00eddo, entendido y aceptado \u00edntegramente y sin reservas este aviso legal, la <a href=\" https:\/\/growingseedpaper.com\/pol&#xED;tica-de-privacidad\" target=\"_blank\" style=\"color: #005EB8\">pol\u00edtica de privacidad<\/a> y dem\u00e1s avisos o instrucciones que figuran en este sitio web, comprometi\u00e9ndote a hacer un buen uso del mismo conforme a la ley, la moral y el orden p\u00fablico.En caso de que el usuario no est\u00e9 de acuerdo, deber\u00e1 abstenerse de utilizar el sitio web www.papelconsemillas.com.En el sitio web www.papelconsemillas.com pueden existir enlaces a otros sitios o p\u00e1ginas web de terceros si bien no asume ning\u00fan tipo de responsabilidad sobre ellos ya que no tiene ning\u00fan tipo de control sobre los mismos. Por ello, el usuario accede bajo su exclusiva responsabilidad tanto al contenido que ofrecen como a sus condiciones de uso.PAPEL CON SEMILLAS se reserva el derecho de modificar en cualquier momento los contenidos, informaciones, los t\u00e9rminos de este sitio web, de las presentes condiciones de uso, pol\u00edticas de privacidad y dem\u00e1s avisos legales. En este caso, informaremos a los usuarios a trav\u00e9s del sitio web.<h3 class=\"wp-block-heading\">Diritti d&#8217;autore e di propriet\u00e0 intellettuale<\/h3>El usuario reconoce y acepta que todas las marcas, nombres comerciales o signos distintivos, contenidos, todos los derechos de propiedad industrial e intelectual, y\/o cualesquiera otros elementos insertados en este sitio web, son propiedad exclusiva de PAPEL CON SEMILLAS y\/o de terceros, quienes tiene el derecho exclusivo de utilizarlos en el tr\u00e1fico econ\u00f3mico.El usuario responder\u00e1 de los da\u00f1os y perjuicios de cualquier clase que PAPEL CON SEMILLAS pueda sufrir como consecuencia del incumplimiento de cualquiera de las obligaciones a las que queda sometido por estas condiciones que sean de aplicaci\u00f3n. PAPEL CON SEMILLAS se reserva el ejercicio de las acciones legales oportunas en defensa de sus derechos.Se proh\u00edbe expresamente al usuario que utilice el sitio web con fines il\u00edcitos, prohibidos, lesivos de derechos de terceros o que puedan, de cualquier forma, da\u00f1ar la marca, la imagen o reputaci\u00f3n de PAPEL CON SEMILLAS.Por tanto, el usuario se obliga a usar este sitio web, sus contenidos y servicios de forma diligente y correcta, de acuerdo con la Ley, la moral, los buenos usos y costumbres, al orden p\u00fablico, la buena fe y estas condiciones generales de uso, con escrupuloso respeto a los derechos de propiedad intelectual que corresponden a PAPEL CON SEMILLAS.PAPEL CON SEMILLAS es titular de los elementos que integran el dise\u00f1o gr\u00e1fico de su sitio web, los men\u00fas, el c\u00f3digo HTML, los textos, marcas, logotipos, combinaciones de colores, botones, im\u00e1genes, gr\u00e1ficos y cualquier otro contenido del sitio web, as\u00ed como de la estructura, selecci\u00f3n, ordenaci\u00f3n y presentaci\u00f3n de sus contenidos o, en cualquier caso, dispone de la correspondiente autorizaci\u00f3n para la utilizaci\u00f3n de dichos elementos.El contenido de este sitio web no podr\u00e1 ser reproducido ni en todo ni en parte, ni transmitido, ni registrado por ning\u00fan sistema de recuperaci\u00f3n de informaci\u00f3n, en ninguna forma ni en ning\u00fan medio, a menos que se cuente con la autorizaci\u00f3n previa, por escrito, de la citada Entidad.De acuerdo con lo expuesto en el p\u00e1rrafo anterior, los usuarios de este sitio web tienen prohibida su reproducci\u00f3n, copia, cesi\u00f3n, distribuci\u00f3n, modificaci\u00f3n o cualquier otro uso, de forma total o parcial, respecto de la informaci\u00f3n y contenido de este sitio web sin la autorizaci\u00f3n previa y por escrita de PAPEL CON SEMILLAS.En ning\u00fan caso el acceso a la p\u00e1gina web implica ning\u00fan tipo de renuncia, transmisi\u00f3n, licencia o cesi\u00f3n total ni parcial de dichos derechos, salvo que se establezca expresamente lo contrario.<h3 class=\"wp-block-heading\">Protezione dei dati personali<\/h3>En el sitio web www.papelconsemillas.com se recaban datos personales a trav\u00e9s de varias v\u00edas, ya sea en formularios o a trav\u00e9s de la direcci\u00f3n de correo electr\u00f3nico habilitada para establecer contacto con nosotros.Tales datos ser\u00e1n tratados respetando la normativa vigente en cada momento en materia de protecci\u00f3n de datos personales, y de acuerdo con la Pol\u00edtica de privacidad descrita en el presente sitio web, que los usuarios deber\u00e1n leer antes de facilitar sus datos. En todo caso, en cada formulario utilizado para recabar datos personales se ha habilitado una cl\u00e1usula informativa sobre el tratamiento que se hace de los mismos.<h3 class=\"wp-block-heading\">Comunicazioni personali<\/h3>De acuerdo con lo dispuesto por la Ley 34\/2002, de 11 de julio, de Servicios de la Sociedad de la Informaci\u00f3n y de Comercio Electr\u00f3nico y de la Ley 56\/2007, de 28 de diciembre, de Medidas de Impulso de la Sociedad de la Informaci\u00f3n que la modifica, se informa a los usuarios del sitio web www.papelconsemillas.com que no se les enviar\u00e1 publicidad o comunicaciones comerciales por correo electr\u00f3nico u otros medios de comunicaci\u00f3n electr\u00f3nica equivalentes sin su previa solicitud o consentimiento, que ser\u00e1 obtenido a trav\u00e9s de los correspondientes formularios habilitados al efecto, o bien bas\u00e1ndonos en el inter\u00e9s leg\u00edtimo o en alguno de los supuestos que contempla el art\u00edculo 21.2 de la citada LSSICE.En todo caso los usuarios pondr\u00e1n oponerse o manifestar su negativa a la recepci\u00f3n de informaci\u00f3n comercial por medios electr\u00f3nicos enviando un correo electr\u00f3nico a naturalb@grupoposta.com, o d\u00e1ndose de baja, facilit\u00e1ndose esta posibilidad en cada comunicaci\u00f3n que se le env\u00ede.<h3 class=\"wp-block-heading\">Responsabilit\u00e0 del proprietario del sito web<\/h3>PAPEL CON SEMILLAS no garantiza la ausencia de virus ni de otros elementos en los contenidos, por lo que no asume ninguna responsabilidad por da\u00f1os que se puedan causar en los equipos o sistemas de los usuarios por posibles virus inform\u00e1ticos que se hubieran podido contraer por la navegaci\u00f3n del usuario en el sitio web.Del mismo modo, el titular del sitio web www.papelconsemillas.com tampoco controla ni garantiza el acceso continuado, ni la correcta visualizaci\u00f3n, descarga o utilidad de los elementos e informaciones contenidas en su sitio web, que pueden verse impedidos, dificultados o interrumpidos por factores o circunstancias que est\u00e1n fuera de su control y no se hace responsable en caso de existir interrupciones del servicio, demoras o mal funcionamiento cuando se deban a causas ajenas al control de PAPEL CON SEMILLAS, por fuerza mayor, ni la que se deba a una actuaci\u00f3n dolosa o culposa por parte del usuario.PAPEL CON SEMILLAS no asume ninguna responsabilidad por la informaci\u00f3n que sobre nosotros pueda existir en de sitios web de terceros ni a la que se puede acceder a trav\u00e9s de buscadores o de enlaces de terceros a nuestro sitio web www.papelconsemillas.com.<h3 class=\"wp-block-heading\">Utilizzo del sito web da parte di minori<\/h3>Aunque el sitio web www.papelconsemillas.com no est\u00e1 dirigido a menores de edad, se les permite su acceso. No obstante, en caso de que un menor desee solicitarnos informaci\u00f3n, s\u00f3lo podr\u00e1 hacerlo por s\u00ed mismo si es mayor de 14 a\u00f1os. En caso de los menores de 14 a\u00f1os, deber\u00e1 hacerlo quien ostente su patria potestad, tutor o representante legal, autorizando \u00e9ste en nombre de aqu\u00e9l el tratamiento de sus datos personales por parte de la empresa, de tal forma que quienes tengan a su cargo menores de edad asumen la exclusiva responsabilidad de determinar los servicios y contenidos de este sitio web que sean apropiados para la edad de los menores a su cargo.PAPEL CON SEMILLAS no asume ninguna responsabilidad en caso de que menores de la edad mencionada nos faciliten sus datos personales incumpliendo estas obligaciones.<h3 class=\"wp-block-heading\">Link da altri siti web a www.papelconsemillas.com<\/h3>Las personas o entidades que pretendan realizar o realicen un \u201chiperenlace\u201d desde una p\u00e1gina web ajena a PAPEL CON SEMILLAS deber\u00e1n someterse a las siguientes condiciones:PAPEL CON SEMILLAS no ser\u00e1 responsable de los contenidos o servicios puestos a disposici\u00f3n del p\u00fablico en la p\u00e1gina web o portal desde el cual se realice el &#8220;hiperenlace&#8221; ni de las informaciones y manifestaciones incluidas en las mismas.El establecimiento del &#8220;hiperenlace&#8221; no implicar\u00e1 la existencia de relaciones entre PAPEL CON SEMILLAS y el titular de la p\u00e1gina web o del portal desde el cual se realice, ni el conocimiento y aceptaci\u00f3n de PAPEL CON SEMILLAS de los servicios y contenidos ofrecidos en dicho portal.No se incluir\u00e1 ninguna manifestaci\u00f3n falsa, inexacta o incorrecta sobre la p\u00e1gina de www.papelconsemillas.com ni sobre los servicios o contenidos del mismo.No se permite la reproducci\u00f3n ni total ni parcial de ninguno de los servicios ni contenidos de www.papelconsemillas.com.<h3 class=\"wp-block-heading\">Biscotti<\/h3>Especificar pendiente<h3 class=\"wp-block-heading\">Legge applicabile e giurisdizione<\/h3>La actividad desarrollada a trav\u00e9s del sitio web www.papelconsemillas.com est\u00e1 sometida a la legislaci\u00f3n espa\u00f1ola vigente que resulte de aplicaci\u00f3n.Para cualquier controversia o conflicto que resulte entre PAPEL CON SEMILLAS y los usuarios del sitio web www.papelconsemillas.com, las partes acuerdan expresamente someterse a la competencia de los Juzgados y Tribunales de Espa\u00f1a, concretamente los de la ciudad de Vitoria, con renuncia expresa a su fuero propio si lo tuvieren.","protected":false},"excerpt":{"rendered":"<p>Avviso legale sulle condizioni di utilizzo del sito web<\/p>\n","protected":false},"author":1,"featured_media":0,"parent":0,"menu_order":0,"comment_status":"closed","ping_status":"closed","template":"","meta":{"_acf_changed":false,"footnotes":""},"class_list":["post-9780","page","type-page","status-publish","hentry"],"acf":[],"_links":{"self":[{"href":"https:\/\/growingseedpaper.com\/it\/wp-json\/wp\/v2\/pages\/9780","targetHints":{"allow":["GET"]}}],"collection":[{"href":"https:\/\/growingseedpaper.com\/it\/wp-json\/wp\/v2\/pages"}],"about":[{"href":"https:\/\/growingseedpaper.com\/it\/wp-json\/wp\/v2\/types\/page"}],"author":[{"embeddable":true,"href":"https:\/\/growingseedpaper.com\/it\/wp-json\/wp\/v2\/users\/1"}],"replies":[{"embeddable":true,"href":"https:\/\/growingseedpaper.com\/it\/wp-json\/wp\/v2\/comments?post=9780"}],"version-history":[{"count":2,"href":"https:\/\/growingseedpaper.com\/it\/wp-json\/wp\/v2\/pages\/9780\/revisions"}],"predecessor-version":[{"id":15352,"href":"https:\/\/growingseedpaper.com\/it\/wp-json\/wp\/v2\/pages\/9780\/revisions\/15352"}],"wp:attachment":[{"href":"https:\/\/growingseedpaper.com\/it\/wp-json\/wp\/v2\/media?parent=9780"}],"curies":[{"name":"wp","href":"https:\/\/api.w.org\/{rel}","templated":true}]}}