{"id":9528,"date":"2024-08-03T19:27:27","date_gmt":"2024-08-03T17:27:27","guid":{"rendered":"https:\/\/growingseedpaper.com\/casa\/"},"modified":"2025-03-21T13:22:39","modified_gmt":"2025-03-21T12:22:39","slug":"casa","status":"publish","type":"page","link":"https:\/\/growingseedpaper.com\/it\/","title":{"rendered":"Casa"},"content":{"rendered":"<h1 class=\"wp-block-heading\"><br\/><br\/>Coltivare una comunicazione sostenibile<\/h1>Plantar la semilla de un planeta m\u00e1s sostenible <br\/>y recoger los beneficios<h2 class=\"wp-block-heading\">Il nostro impegno<\/h2><h2 class=\"wp-block-heading\">I nostri clienti<\/h2>Desde multinacionales con miles de ejemplares en sus tiradas a peque\u00f1as campa\u00f1as para clientes locales. Nuestra manera de producir nos permite atender todas las tipolog\u00edas de clientes.<h2 class=\"wp-block-heading\">I nostri prodotti<\/h2><h2 class=\"wp-block-heading\">In Seedpaper personalizziamo tutto: imballaggi, buste, volantini, borse,&#8230; tutto ci\u00f2 che vedete \u00e8 adattabile al vostro marchio e alle vostre esigenze.<\/h2>Nuestros productos se realizan a medida, adaptados a cada cliente, en funci\u00f3n de sus necesidades concretas, tanto de dise\u00f1o y materiales, como de cantidades. En esta web hemos recogido nuestra extensa gama de productos, algunos encajar\u00e1n con tus necesidades y otros te servir\u00e1n de inspiraci\u00f3n. Sin embargo, tambi\u00e9n podr\u00edas requerir alg\u00fan producto en especial que no hayas encontrado en este cat\u00e1logo, en este caso, ponte en contacto con nosotros. Cu\u00e9ntanos qu\u00e9 ideas tienes, y las haremos<h2 class=\"wp-block-heading\">Preserviamo la biodiversit\u00e0: tutti i semi che utilizziamo provengono da fiori di miele che alimentano le api e gli altri insetti impollinatori.<\/h2><div class=\"wp-block-buttons is-layout-flex wp-block-buttons-is-layout-flex\"><div class=\"wp-block-button\"><a class=\"wp-block-button__link\">maggiori informazioni<\/a><\/div><\/div><h2 class=\"wp-block-heading\">Il nostro impegno<\/h2><h2 class=\"wp-block-heading\">Preserviamo la biodiversit\u00e0: tutti i semi che utilizziamo provengono da fiori di miele che alimentano le api e gli altri insetti impollinatori.<\/h2><h3 class=\"wp-block-heading\">{term_name}<\/h3>{term_description}","protected":false},"excerpt":{"rendered":"<p>Coltivare una comunicazione sostenibile<\/p>\n","protected":false},"author":1,"featured_media":9529,"parent":0,"menu_order":0,"comment_status":"closed","ping_status":"closed","template":"","meta":{"_acf_changed":false,"footnotes":""},"class_list":["post-9528","page","type-page","status-publish","has-post-thumbnail","hentry"],"acf":[],"_links":{"self":[{"href":"https:\/\/growingseedpaper.com\/it\/wp-json\/wp\/v2\/pages\/9528","targetHints":{"allow":["GET"]}}],"collection":[{"href":"https:\/\/growingseedpaper.com\/it\/wp-json\/wp\/v2\/pages"}],"about":[{"href":"https:\/\/growingseedpaper.com\/it\/wp-json\/wp\/v2\/types\/page"}],"author":[{"embeddable":true,"href":"https:\/\/growingseedpaper.com\/it\/wp-json\/wp\/v2\/users\/1"}],"replies":[{"embeddable":true,"href":"https:\/\/growingseedpaper.com\/it\/wp-json\/wp\/v2\/comments?post=9528"}],"version-history":[{"count":3,"href":"https:\/\/growingseedpaper.com\/it\/wp-json\/wp\/v2\/pages\/9528\/revisions"}],"predecessor-version":[{"id":13786,"href":"https:\/\/growingseedpaper.com\/it\/wp-json\/wp\/v2\/pages\/9528\/revisions\/13786"}],"wp:featuredmedia":[{"embeddable":true,"href":"https:\/\/growingseedpaper.com\/it\/wp-json\/wp\/v2\/media\/9529"}],"wp:attachment":[{"href":"https:\/\/growingseedpaper.com\/it\/wp-json\/wp\/v2\/media?parent=9528"}],"curies":[{"name":"wp","href":"https:\/\/api.w.org\/{rel}","templated":true}]}}