{"id":9952,"date":"2024-08-03T19:29:04","date_gmt":"2024-08-03T17:29:04","guid":{"rendered":"https:\/\/growingseedpaper.com\/service-a-la-clientele\/"},"modified":"2025-04-09T14:22:25","modified_gmt":"2025-04-09T12:22:25","slug":"service-a-la-clientele","status":"publish","type":"page","link":"https:\/\/growingseedpaper.com\/fr\/service-a-la-clientele\/","title":{"rendered":"Service \u00e0 la client\u00e8le"},"content":{"rendered":"<h2 class=\"wp-block-heading\">O\u00f9 sommes-nous et comment nous contacter ?<\/h2><figure class=\"wp-block-image size-full\"><img loading=\"lazy\" decoding=\"async\" width=\"587\" height=\"550\" src=\"https:\/\/growingseedpaper.com\/wp-content\/uploads\/2024\/12\/atencion_cliente_1.png\" alt=\"\" class=\"wp-image-6437\" srcset=\"https:\/\/growingseedpaper.com\/wp-content\/uploads\/2024\/12\/atencion_cliente_1.png 587w, https:\/\/growingseedpaper.com\/wp-content\/uploads\/2024\/12\/atencion_cliente_1-300x281.png 300w\" sizes=\"auto, (max-width: 587px) 100vw, 587px\" \/><\/figure><h1 class=\"wp-block-heading\"><br\/> Comment vous aider ?<\/h1>Nos encantar\u00eda ayudarte a resolver cualquier duda o problema que tengas. No dudes en contactarnos; estamos aqu\u00ed para asistirte en lo que necesites. Tu satisfacci\u00f3n es nuestra prioridad.<div class=\"wp-block-buttons is-layout-flex wp-block-buttons-is-layout-flex\"><div class=\"wp-block-button\"><a class=\"wp-block-button__link\">Demande de devis<\/a><\/div><\/div><div class=\"wp-block-buttons is-layout-flex wp-block-buttons-is-layout-flex\"><div class=\"wp-block-button\"><a class=\"wp-block-button__link\">Contactez-nous \u00e0 l&rsquo;adresse suivante<\/a><\/div><\/div><div class=\"wp-block-buttons is-layout-flex wp-block-buttons-is-layout-flex\"><div class=\"wp-block-button\"><a class=\"wp-block-button__link\">Devons-nous vous appeler ?<\/a><\/div><\/div><h3 class=\"wp-block-heading\">Localisation<\/h3>Albertia 18, Pol\u00edgono industrial de Ansoleta<br\/>01006 Vitoria-Gasteiz, Spain<h3 class=\"wp-block-heading\">Contact<\/h3>Spain + 34 945 155 030<br\/>Other countries +34 656 786 521\n\n  \n    <title>Simple Marker<\/title>\n    <!-- The callback parameter is required, so we use console.debug as a noop -->\n    <script async=\"\" src=\"https:\/\/maps.googleapis.com\/maps\/api\/js?key=AIzaSyCXkpm0Un-ho1u1dq7YDZmz681ryCTW2_s&amp;callback=console.debug&amp;libraries=maps,marker&amp;v=beta\">\n    <\/script>\n    <style>\n      \/* Always set the map height explicitly to define the size of the div\n       * element that contains the map. *\/\n      gmp-map {\n        height: 100%;\n      }\n\n      \/* Optional: Makes the sample page fill the window. *\/\n      html,\n      body {\n        height: 100%;\n        margin: 0;\n        padding: 0;\n      }\n    <\/style>\n  \n  \n    <gmp-map center=\"42.82841491699219,-2.654304027557373\" zoom=\"14\" map-id=\"DEMO_MAP_ID\">\n      <gmp-advanced-marker position=\"42.82841491699219,-2.654304027557373\" title=\"My location\"><\/gmp-advanced-marker>\n    <\/gmp-map>\n  \n<h2 class=\"wp-block-heading\"><br\/>En savoir plus sur nos politiques de travail<\/h2>Es importante conocer c\u00f3mo se deben enviar los ficheros para realizar los trabajos de manera eficiente y obtener los mejores resultados. Adem\u00e1s, te invitamos a familiarizarte con nuestra pol\u00edtica de calidad para asegurar que cumplimos con tus expectativas. Esto nos ayuda a ofrecerte el mejor servicio posible.<div class=\"wp-block-buttons is-layout-flex wp-block-buttons-is-layout-flex\"><div class=\"wp-block-button\"><a class=\"wp-block-button__link\">Politique de qualit\u00e9<\/a><\/div><\/div><div class=\"wp-block-buttons is-layout-flex wp-block-buttons-is-layout-flex\"><div class=\"wp-block-button\"><a class=\"wp-block-button__link\">Comment cr\u00e9er les fichiers<\/a><\/div><\/div><h1 class=\"wp-block-heading\">Comment pouvons-nous vous aider ?<\/h1>Nos encantar\u00eda ayudarte a resolver cualquier duda o problema que tengas. No dudes en contactarnos; estamos aqu\u00ed para asistirte en lo que necesites. Tu satisfacci\u00f3n es nuestra prioridad.<div class=\"wp-block-buttons is-layout-flex wp-block-buttons-is-layout-flex\"><div class=\"wp-block-button\"><a class=\"wp-block-button__link\">Demande de devis<\/a><\/div><\/div><div class=\"wp-block-buttons is-layout-flex wp-block-buttons-is-layout-flex\"><div class=\"wp-block-button\"><a class=\"wp-block-button__link\">Devons-nous vous appeler ?<\/a><\/div><\/div><div class=\"wp-block-buttons is-layout-flex wp-block-buttons-is-layout-flex\"><div class=\"wp-block-button\"><a class=\"wp-block-button__link\">Contactez-nous \u00e0 l&rsquo;adresse suivante<\/a><\/div><\/div><figure class=\"wp-block-image size-full\"><img loading=\"lazy\" decoding=\"async\" width=\"587\" height=\"550\" src=\"https:\/\/growingseedpaper.com\/wp-content\/uploads\/2024\/12\/atencion_cliente_1.png\" alt=\"\" class=\"wp-image-6437\" srcset=\"https:\/\/growingseedpaper.com\/wp-content\/uploads\/2024\/12\/atencion_cliente_1.png 587w, https:\/\/growingseedpaper.com\/wp-content\/uploads\/2024\/12\/atencion_cliente_1-300x281.png 300w\" sizes=\"auto, (max-width: 587px) 100vw, 587px\" \/><\/figure><iframe src=\"https:\/\/www.google.com\/maps\/embed?pb=!1m14!1m8!1m3!1d5852.198884114396!2d-2.6569862!3d42.8285132!3m2!1i1024!2i768!4f13.1!3m3!1m2!1s0xd4fe82bf72d2b87%3A0xdf57a44cf6a2f2e1!2sC.%20Albertia%2C%2018%2C%2001006%20Vitoria-Gasteiz%2C%20%C3%81lava!5e0!3m2!1ses!2ses!4v1728911369619!5m2!1ses!2ses\" width=\"800\" height=\"300\" style=\"border:0;\" allowfullscreen=\"\" loading=\"lazy\" referrerpolicy=\"no-referrer-when-downgrade\"><\/iframe>","protected":false},"excerpt":{"rendered":"<p>O\u00f9 sommes-nous et comment nous contacter ? Comment vous aider ? Nos encantar\u00eda ayudarte a resolver cualquier duda o problema que tengas. No dudes en contactarnos; estamos aqu\u00ed para asistirte en lo que necesites. Tu satisfacci\u00f3n es nuestra prioridad. Localisation Albertia 18, Pol\u00edgono industrial de Ansoleta01006 Vitoria-Gasteiz, Spain Contact Spain + 34 945 155 030Other [&hellip;]<\/p>\n","protected":false},"author":1,"featured_media":0,"parent":0,"menu_order":0,"comment_status":"closed","ping_status":"closed","template":"","meta":{"_acf_changed":false,"footnotes":""},"class_list":["post-9952","page","type-page","status-publish","hentry"],"acf":[],"_links":{"self":[{"href":"https:\/\/growingseedpaper.com\/fr\/wp-json\/wp\/v2\/pages\/9952","targetHints":{"allow":["GET"]}}],"collection":[{"href":"https:\/\/growingseedpaper.com\/fr\/wp-json\/wp\/v2\/pages"}],"about":[{"href":"https:\/\/growingseedpaper.com\/fr\/wp-json\/wp\/v2\/types\/page"}],"author":[{"embeddable":true,"href":"https:\/\/growingseedpaper.com\/fr\/wp-json\/wp\/v2\/users\/1"}],"replies":[{"embeddable":true,"href":"https:\/\/growingseedpaper.com\/fr\/wp-json\/wp\/v2\/comments?post=9952"}],"version-history":[{"count":5,"href":"https:\/\/growingseedpaper.com\/fr\/wp-json\/wp\/v2\/pages\/9952\/revisions"}],"predecessor-version":[{"id":15222,"href":"https:\/\/growingseedpaper.com\/fr\/wp-json\/wp\/v2\/pages\/9952\/revisions\/15222"}],"wp:attachment":[{"href":"https:\/\/growingseedpaper.com\/fr\/wp-json\/wp\/v2\/media?parent=9952"}],"curies":[{"name":"wp","href":"https:\/\/api.w.org\/{rel}","templated":true}]}}