{"id":9853,"date":"2024-10-17T11:50:53","date_gmt":"2024-10-17T09:50:53","guid":{"rendered":"https:\/\/growingseedpaper.com\/foire-aux-questions-faqs\/"},"modified":"2025-04-26T13:05:22","modified_gmt":"2025-04-26T11:05:22","slug":"foire-aux-questions-faqs","status":"publish","type":"page","link":"https:\/\/growingseedpaper.com\/fr\/foire-aux-questions-faqs\/","title":{"rendered":"Foire aux questions FAQ&rsquo;s"},"content":{"rendered":"\n<h1 class=\"wp-block-heading\">Foire aux questions FAQ&rsquo;s<\/h1>\n\n<h3 class=\"wp-block-heading\">A propos de notre papier de semences<\/h3>\n\n<p>Il s&rsquo;agit des questions les plus fr\u00e9quemment pos\u00e9es. Si vous avez des doutes, nous vous proposons plusieurs options pour r\u00e9pondre \u00e0 vos questions. <\/p>\n\n<h3 class=\"wp-block-heading\">\u00c0 propos des cadeaux promotionnels \u00e9cologiques<\/h3>\n\n<div class=\"wp-block-buttons is-layout-flex wp-block-buttons-is-layout-flex\">\n<div class=\"wp-block-button\"><a class=\"wp-block-button__link wp-element-button\">Devons-nous vous appeler ?<\/a><\/div>\n<\/div>\n\n<div class=\"wp-block-buttons is-layout-flex wp-block-buttons-is-layout-flex\">\n<div class=\"wp-block-button\"><a class=\"wp-block-button__link wp-element-button\">Formulaire de demande de renseignements<\/a><\/div>\n<\/div>\n\n<h3 class=\"wp-block-heading\">Comment concevoir un produit<\/h3>\n\n<h3 class=\"wp-block-heading\">Questions diverses<\/h3>\n","protected":false},"excerpt":{"rendered":"<p>Telles sont les questions que vous nous posez souvent.<\/p>\n","protected":false},"author":1,"featured_media":9854,"parent":0,"menu_order":0,"comment_status":"closed","ping_status":"closed","template":"","meta":{"_acf_changed":false,"footnotes":""},"class_list":["post-9853","page","type-page","status-publish","has-post-thumbnail","hentry"],"acf":[],"_links":{"self":[{"href":"https:\/\/growingseedpaper.com\/fr\/wp-json\/wp\/v2\/pages\/9853","targetHints":{"allow":["GET"]}}],"collection":[{"href":"https:\/\/growingseedpaper.com\/fr\/wp-json\/wp\/v2\/pages"}],"about":[{"href":"https:\/\/growingseedpaper.com\/fr\/wp-json\/wp\/v2\/types\/page"}],"author":[{"embeddable":true,"href":"https:\/\/growingseedpaper.com\/fr\/wp-json\/wp\/v2\/users\/1"}],"replies":[{"embeddable":true,"href":"https:\/\/growingseedpaper.com\/fr\/wp-json\/wp\/v2\/comments?post=9853"}],"version-history":[{"count":3,"href":"https:\/\/growingseedpaper.com\/fr\/wp-json\/wp\/v2\/pages\/9853\/revisions"}],"predecessor-version":[{"id":15331,"href":"https:\/\/growingseedpaper.com\/fr\/wp-json\/wp\/v2\/pages\/9853\/revisions\/15331"}],"wp:featuredmedia":[{"embeddable":true,"href":"https:\/\/growingseedpaper.com\/fr\/wp-json\/wp\/v2\/media\/9854"}],"wp:attachment":[{"href":"https:\/\/growingseedpaper.com\/fr\/wp-json\/wp\/v2\/media?parent=9853"}],"curies":[{"name":"wp","href":"https:\/\/api.w.org\/{rel}","templated":true}]}}