{"id":9802,"date":"2024-09-25T13:19:04","date_gmt":"2024-09-25T11:19:04","guid":{"rendered":"https:\/\/growingseedpaper.com\/semences-disponibles\/"},"modified":"2025-02-17T14:30:26","modified_gmt":"2025-02-17T13:30:26","slug":"semences-disponibles","status":"publish","type":"page","link":"https:\/\/growingseedpaper.com\/fr\/semences-disponibles\/","title":{"rendered":"Semences disponibles"},"content":{"rendered":"<h3 class=\"wp-block-heading\">Fleurs<\/h3><h1 class=\"wp-block-heading\">Toutes nos semences<\/h1>Elegimos nuestras semillas por su beneficio para las abejas, mariposas y otros insectos y la posibilidad de germinaci\u00f3n. Buscamos permanentemente incorporar semillas que se adapten a nuestro proceso ecol\u00f3gico siendo respetuosas con el medio ambiente.<h2 class=\"wp-block-heading\">Papier semence<\/h2><h3 class=\"wp-block-heading\">Plantes aromatiques<\/h3><h3 class=\"wp-block-heading\">L\u00e9gumes<\/h3><h3 class=\"wp-block-heading\">Fleurs<\/h3><h3 class=\"wp-block-heading\">Plantes aromatiques<\/h3><h3 class=\"wp-block-heading\">L\u00e9gumes<\/h3><h3 class=\"wp-block-heading\">Fruits<\/h3><h2 class=\"wp-block-heading\">Sachets de graines<\/h2><h3 class=\"wp-block-heading\">Fleurs<\/h3><h3 class=\"wp-block-heading\">Plantes aromatiques<\/h3><h3 class=\"wp-block-heading\">L\u00e9gumes<\/h3><h2 class=\"wp-block-heading\">Bombes \u00e0 graines \/ sucettes \/ sucettes<\/h2>","protected":false},"excerpt":{"rendered":"<p>Fleurs Toutes nos semences Elegimos nuestras semillas por su beneficio para las abejas, mariposas y otros insectos y la posibilidad de germinaci\u00f3n. Buscamos permanentemente incorporar semillas que se adapten a nuestro proceso ecol\u00f3gico siendo respetuosas con el medio ambiente. Papier semence Plantes aromatiques L\u00e9gumes Fleurs Plantes aromatiques L\u00e9gumes Fruits Sachets de graines Fleurs Plantes aromatiques [&hellip;]<\/p>\n","protected":false},"author":1,"featured_media":0,"parent":0,"menu_order":0,"comment_status":"closed","ping_status":"closed","template":"","meta":{"_acf_changed":false,"footnotes":""},"class_list":["post-9802","page","type-page","status-publish","hentry"],"acf":[],"_links":{"self":[{"href":"https:\/\/growingseedpaper.com\/fr\/wp-json\/wp\/v2\/pages\/9802","targetHints":{"allow":["GET"]}}],"collection":[{"href":"https:\/\/growingseedpaper.com\/fr\/wp-json\/wp\/v2\/pages"}],"about":[{"href":"https:\/\/growingseedpaper.com\/fr\/wp-json\/wp\/v2\/types\/page"}],"author":[{"embeddable":true,"href":"https:\/\/growingseedpaper.com\/fr\/wp-json\/wp\/v2\/users\/1"}],"replies":[{"embeddable":true,"href":"https:\/\/growingseedpaper.com\/fr\/wp-json\/wp\/v2\/comments?post=9802"}],"version-history":[{"count":1,"href":"https:\/\/growingseedpaper.com\/fr\/wp-json\/wp\/v2\/pages\/9802\/revisions"}],"predecessor-version":[{"id":9803,"href":"https:\/\/growingseedpaper.com\/fr\/wp-json\/wp\/v2\/pages\/9802\/revisions\/9803"}],"wp:attachment":[{"href":"https:\/\/growingseedpaper.com\/fr\/wp-json\/wp\/v2\/media?parent=9802"}],"curies":[{"name":"wp","href":"https:\/\/api.w.org\/{rel}","templated":true}]}}