{"id":9788,"date":"2024-10-02T13:41:49","date_gmt":"2024-10-02T11:41:49","guid":{"rendered":"https:\/\/growingseedpaper.com\/eco-merchandising\/"},"modified":"2026-02-03T12:06:10","modified_gmt":"2026-02-03T11:06:10","slug":"eco-merchandising","status":"publish","type":"page","link":"https:\/\/growingseedpaper.com\/fr\/eco-merchandising\/","title":{"rendered":"Eco Merchandising"},"content":{"rendered":"<h1 class=\"wp-block-heading\">Le pouvoir du merchandising vert pour votre marque<\/h1>\n\nDans un monde de plus en plus soucieux de l&rsquo;environnement, les entreprises cherchent \u00e0 aligner leurs activit\u00e9s et leurs produits sur des valeurs vertes.\n\n<br>\n\nLe merchandising vert est un moyen efficace d&rsquo;y parvenir. Ce type de merchandising aide non seulement les entreprises \u00e0 se d\u00e9marquer, mais apporte \u00e9galement de nombreux avantages \u00e0 leur marque. Le merchandising vert fait r\u00e9f\u00e9rence aux produits promotionnels fabriqu\u00e9s \u00e0 partir de mat\u00e9riaux durables, biod\u00e9gradables, recyclables ou contribuant d&rsquo;une mani\u00e8re ou d&rsquo;une autre \u00e0 la pr\u00e9servation de l&rsquo;environnement.\n\n<figure class=\"wp-block-image size-full\"><img loading=\"lazy\" decoding=\"async\" width=\"587\" height=\"550\" src=\"https:\/\/growingseedpaper.com\/wp-content\/uploads\/2024\/12\/merchan_cabecera_1.png\" alt class=\"wp-image-6438\" srcset=\"https:\/\/growingseedpaper.com\/wp-content\/uploads\/2024\/12\/merchan_cabecera_1.png 587w, https:\/\/growingseedpaper.com\/wp-content\/uploads\/2024\/12\/merchan_cabecera_1-300x281.png 300w\" sizes=\"auto, (max-width: 587px) 100vw, 587px\" \/><\/figure>\n\n<h2 class=\"wp-block-heading\">Avantages du merchandising vert<\/h2>\n\n<h3 class=\"wp-block-heading\">1. am\u00e9liorer l&rsquo;image de marque<\/h3>\n\nEn optant pour un merchandising vert, votre marque d\u00e9montre son engagement en faveur du d\u00e9veloppement durable et de l&rsquo;environnement.\nCela peut am\u00e9liorer la perception de votre marque aupr\u00e8s des consommateurs, car de plus en plus de gens appr\u00e9cient les entreprises qui se soucient de la plan\u00e8te.\n\n<h3 class=\"wp-block-heading\">2. Diff\u00e9renciation des march\u00e9s<\/h3>\n\nLe merchandising vert peut aider votre marque \u00e0 se d\u00e9marquer sur un march\u00e9 encombr\u00e9.\n\nEn proposant des produits promotionnels \u00e9cologiques, votre marque se d\u00e9marque, ce qui peut attirer de nouveaux clients et fid\u00e9liser les clients existants.\n\n<h3 class=\"wp-block-heading\">3. Favorise la fid\u00e9lisation de la client\u00e8le<\/h3>\n\nLes clients ont tendance \u00e0 \u00eatre fid\u00e8les aux marques qui partagent leurs valeurs.\n\nEn adoptant des pratiques \u00e9cologiques, votre marque peut attirer des clients qui accordent de l&rsquo;importance \u00e0 la durabilit\u00e9, ce qui peut favoriser une fid\u00e9lit\u00e9 \u00e0 long terme.\n\n<h3 class=\"wp-block-heading\">4. Contribue \u00e0 la durabilit\u00e9<\/h3>\n\nEn choisissant des produits promotionnels respectueux de l&rsquo;environnement, votre marque s&rsquo;inscrit dans une d\u00e9marche de d\u00e9veloppement durable.\n\n<figure class=\"wp-block-image size-large\"><img loading=\"lazy\" decoding=\"async\" width=\"1024\" height=\"214\" src=\"https:\/\/growingseedpaper.com\/wp-content\/uploads\/2024\/12\/Merchan_fondo-1024x214.jpeg\" alt class=\"wp-image-6439\" srcset=\"https:\/\/growingseedpaper.com\/wp-content\/uploads\/2024\/12\/Merchan_fondo-1024x214.jpeg 1024w, https:\/\/growingseedpaper.com\/wp-content\/uploads\/2024\/12\/Merchan_fondo-300x63.jpeg 300w, https:\/\/growingseedpaper.com\/wp-content\/uploads\/2024\/12\/Merchan_fondo-768x161.jpeg 768w, https:\/\/growingseedpaper.com\/wp-content\/uploads\/2024\/12\/Merchan_fondo.jpeg 1280w\" sizes=\"auto, (max-width: 1024px) 100vw, 1024px\" \/><\/figure>\n\nC&rsquo;est bon pour la biodiversit\u00e9 et l&rsquo;\u00e9cosyst\u00e8me car nos produits de merchandising bio contiennent des graines de multiples vari\u00e9t\u00e9s de plantes, de fleurs, d&rsquo;herbes et de l\u00e9gumes. Ils attireront les abeilles, les papillons et d&rsquo;autres insectes pollinisateurs. <br>\nC&rsquo;est bon pour vos campagnes de communication car vous provoquerez une r\u00e9ponse positive et une meilleure m\u00e9morisation.\n\n<h2 class=\"has-text-align-right wp-block-heading\">Tout ce que vous r\u00e9coltez apr\u00e8s avoir sem\u00e9 est bon<\/h2>\n\n<h1 class=\"wp-block-heading\">Le pouvoir du merchandising vert pour votre marque<\/h1>\n\nDans un monde de plus en plus soucieux de l&rsquo;environnement, les entreprises cherchent \u00e0 aligner leurs activit\u00e9s et leurs produits sur des valeurs vertes.\n\n<br>\n\nLe merchandising vert est un moyen efficace d&rsquo;y parvenir. Ce type de merchandising aide non seulement les entreprises \u00e0 se d\u00e9marquer, mais apporte \u00e9galement de nombreux avantages \u00e0 leur marque. Le merchandising vert fait r\u00e9f\u00e9rence \u00e0 des produits promotionnels fabriqu\u00e9s \u00e0 partir de mat\u00e9riaux durables, biod\u00e9gradables, recyclables ou contribuant d&rsquo;une mani\u00e8re ou d&rsquo;une autre \u00e0 la pr\u00e9servation de l&rsquo;environnement.\n\n<figure class=\"wp-block-image size-full\"><img loading=\"lazy\" decoding=\"async\" width=\"587\" height=\"550\" src=\"https:\/\/growingseedpaper.com\/wp-content\/uploads\/2024\/12\/merchan_cabecera_1.png\" alt class=\"wp-image-6438\" srcset=\"https:\/\/growingseedpaper.com\/wp-content\/uploads\/2024\/12\/merchan_cabecera_1.png 587w, https:\/\/growingseedpaper.com\/wp-content\/uploads\/2024\/12\/merchan_cabecera_1-300x281.png 300w\" sizes=\"auto, (max-width: 587px) 100vw, 587px\" \/><\/figure>\n\n<h2 class=\"wp-block-heading\">Plus d&rsquo;informations :<\/h2>\n\n<h2 class=\"wp-block-heading\">Plus d&rsquo;informations :<\/h2>","protected":false},"excerpt":{"rendered":"<p>Ce type de merchandising permet non seulement aux entreprises de se d\u00e9marquer, mais apporte \u00e9galement de nombreux avantages \u00e0 leur marque.<\/p>\n","protected":false},"author":1,"featured_media":0,"parent":0,"menu_order":0,"comment_status":"closed","ping_status":"closed","template":"","meta":{"_acf_changed":false,"footnotes":""},"class_list":["post-9788","page","type-page","status-publish","hentry"],"acf":[],"_links":{"self":[{"href":"https:\/\/growingseedpaper.com\/fr\/wp-json\/wp\/v2\/pages\/9788","targetHints":{"allow":["GET"]}}],"collection":[{"href":"https:\/\/growingseedpaper.com\/fr\/wp-json\/wp\/v2\/pages"}],"about":[{"href":"https:\/\/growingseedpaper.com\/fr\/wp-json\/wp\/v2\/types\/page"}],"author":[{"embeddable":true,"href":"https:\/\/growingseedpaper.com\/fr\/wp-json\/wp\/v2\/users\/1"}],"replies":[{"embeddable":true,"href":"https:\/\/growingseedpaper.com\/fr\/wp-json\/wp\/v2\/comments?post=9788"}],"version-history":[{"count":2,"href":"https:\/\/growingseedpaper.com\/fr\/wp-json\/wp\/v2\/pages\/9788\/revisions"}],"predecessor-version":[{"id":16455,"href":"https:\/\/growingseedpaper.com\/fr\/wp-json\/wp\/v2\/pages\/9788\/revisions\/16455"}],"wp:attachment":[{"href":"https:\/\/growingseedpaper.com\/fr\/wp-json\/wp\/v2\/media?parent=9788"}],"curies":[{"name":"wp","href":"https:\/\/api.w.org\/{rel}","templated":true}]}}