{"id":9522,"date":"2024-08-03T19:27:27","date_gmt":"2024-08-03T17:27:27","guid":{"rendered":"https:\/\/growingseedpaper.com\/accueil\/"},"modified":"2025-12-18T13:17:13","modified_gmt":"2025-12-18T12:17:13","slug":"accueil","status":"publish","type":"page","link":"https:\/\/growingseedpaper.com\/fr\/","title":{"rendered":"Accueil"},"content":{"rendered":"<h1 class=\"wp-block-heading\">Cultiver une<br>communication<br>durable<\/h1>\n\n<br>Planter les graines d&rsquo;une plan\u00e8te plus durable et en r\u00e9colter les fruits\n\n<h2 class=\"wp-block-heading\">Nos clients<\/h2>\n\nQu&rsquo;il s&rsquo;agisse de multinationales imprimant des milliers d&rsquo;exemplaires ou de petites campagnes pour des clients locaux. Notre m\u00e9thode de production nous permet de servir tous les types de clients.\n\n<h2 class=\"wp-block-heading\">Nos produits<\/h2>\n\n<h2 class=\"wp-block-heading\">Chez Seedpaper, nous personnalisons tout : emballages, enveloppes, flyers, sacs,&#8230; tout ce que vous voyez est adaptable \u00e0 votre marque et \u00e0 vos besoins.<\/h2>\n\nNos produits sont fabriqu\u00e9s sur mesure, adapt\u00e9s \u00e0 chaque client, en fonction de ses besoins sp\u00e9cifiques, tant en termes de design et de mat\u00e9riaux que de quantit\u00e9s. Sur ce site, nous avons rassembl\u00e9 notre vaste gamme de produits, dont certains r\u00e9pondront \u00e0 vos besoins et d&rsquo;autres vous inspireront. Cependant, il se peut que vous ayez besoin d&rsquo;un produit sp\u00e9cial que vous n&rsquo;avez pas trouv\u00e9 dans ce catalogue, dans ce cas, veuillez nous contacter. Faites-nous part de vos id\u00e9es et nous les r\u00e9aliserons.\n\n<div class=\"wp-block-buttons is-layout-flex wp-block-buttons-is-layout-flex\"><div class=\"wp-block-button\"><a class=\"wp-block-button__link\">plus d&rsquo;informations<\/a><\/div><\/div>\n\n<h2 class=\"wp-block-heading\">Plus d&rsquo;informations :<\/h2>\n\n<h2 class=\"wp-block-heading\">Notre engagement<\/h2>\n\nNous pr\u00e9servons la biodiversit\u00e9 : toutes les semences que nous utilisons proviennent de fleurs mellif\u00e8res qui nourriront les abeilles et autres insectes pollinisateurs.","protected":false},"excerpt":{"rendered":"<p>Cultiver une communication durable<\/p>\n","protected":false},"author":1,"featured_media":9523,"parent":0,"menu_order":0,"comment_status":"closed","ping_status":"closed","template":"","meta":{"_acf_changed":false,"footnotes":""},"class_list":["post-9522","page","type-page","status-publish","has-post-thumbnail","hentry"],"acf":[],"_links":{"self":[{"href":"https:\/\/growingseedpaper.com\/fr\/wp-json\/wp\/v2\/pages\/9522","targetHints":{"allow":["GET"]}}],"collection":[{"href":"https:\/\/growingseedpaper.com\/fr\/wp-json\/wp\/v2\/pages"}],"about":[{"href":"https:\/\/growingseedpaper.com\/fr\/wp-json\/wp\/v2\/types\/page"}],"author":[{"embeddable":true,"href":"https:\/\/growingseedpaper.com\/fr\/wp-json\/wp\/v2\/users\/1"}],"replies":[{"embeddable":true,"href":"https:\/\/growingseedpaper.com\/fr\/wp-json\/wp\/v2\/comments?post=9522"}],"version-history":[{"count":11,"href":"https:\/\/growingseedpaper.com\/fr\/wp-json\/wp\/v2\/pages\/9522\/revisions"}],"predecessor-version":[{"id":15737,"href":"https:\/\/growingseedpaper.com\/fr\/wp-json\/wp\/v2\/pages\/9522\/revisions\/15737"}],"wp:featuredmedia":[{"embeddable":true,"href":"https:\/\/growingseedpaper.com\/fr\/wp-json\/wp\/v2\/media\/9523"}],"wp:attachment":[{"href":"https:\/\/growingseedpaper.com\/fr\/wp-json\/wp\/v2\/media?parent=9522"}],"curies":[{"name":"wp","href":"https:\/\/api.w.org\/{rel}","templated":true}]}}