{"id":10177,"date":"2025-02-19T13:18:37","date_gmt":"2025-02-19T12:18:37","guid":{"rendered":"https:\/\/growingseedpaper.com\/?page_id=10177"},"modified":"2026-02-01T12:01:16","modified_gmt":"2026-02-01T11:01:16","slug":"formulaire-de-demande-de-devis","status":"publish","type":"page","link":"https:\/\/growingseedpaper.com\/fr\/formulaire-de-demande-de-devis\/","title":{"rendered":"Formulaire de demande de devis"},"content":{"rendered":"<h1 class=\"wp-block-heading\">Formulaire de demande de budget<\/h1>\n\nAfin de pouvoir \u00e9tablir un devis appropri\u00e9, nous avons besoin d&rsquo;un minimum d&rsquo;informations. Veuillez compl\u00e9ter les informations demand\u00e9es dans le pr\u00e9sent formulaire, ce qui nous permettra d&rsquo;\u00e9viter tout d\u00e9sagr\u00e9ment et de vous fournir un devis plus rapide. Cela nous permettra d&rsquo;\u00e9viter tout d\u00e9sagr\u00e9ment et de vous fournir un devis plus rapide. Merci de votre coop\u00e9ration !   <br>Vous pouvez nous \u00e9crire dans votre langue.\n\n<h4 class=\"wp-block-heading\">Remplissez vos coordonn\u00e9es et nous vous enverrons un devis.<\/h4>\n\n\u00ab\u00a0*\u00a0\u00bb Indique un champ obligatoire\n\nVous pouvez nous \u00e9crire dans la langue de votre choix. Nous r\u00e9pondons en fran\u00e7ais, en anglais ou en espagnol. Nous vous remercions de votre compr\u00e9hension.","protected":false},"excerpt":{"rendered":"<p>Formulaire de demande de budget Afin de pouvoir \u00e9tablir un devis appropri\u00e9, nous avons besoin d&rsquo;un minimum d&rsquo;informations. Veuillez compl\u00e9ter les informations demand\u00e9es dans le pr\u00e9sent formulaire, ce qui nous permettra d&rsquo;\u00e9viter tout d\u00e9sagr\u00e9ment et de vous fournir un devis plus rapide. Cela nous permettra d&rsquo;\u00e9viter tout d\u00e9sagr\u00e9ment et de vous fournir un devis plus [&hellip;]<\/p>\n","protected":false},"author":1,"featured_media":0,"parent":0,"menu_order":0,"comment_status":"closed","ping_status":"closed","template":"","meta":{"_acf_changed":false,"footnotes":""},"class_list":["post-10177","page","type-page","status-publish","hentry"],"acf":[],"_links":{"self":[{"href":"https:\/\/growingseedpaper.com\/fr\/wp-json\/wp\/v2\/pages\/10177","targetHints":{"allow":["GET"]}}],"collection":[{"href":"https:\/\/growingseedpaper.com\/fr\/wp-json\/wp\/v2\/pages"}],"about":[{"href":"https:\/\/growingseedpaper.com\/fr\/wp-json\/wp\/v2\/types\/page"}],"author":[{"embeddable":true,"href":"https:\/\/growingseedpaper.com\/fr\/wp-json\/wp\/v2\/users\/1"}],"replies":[{"embeddable":true,"href":"https:\/\/growingseedpaper.com\/fr\/wp-json\/wp\/v2\/comments?post=10177"}],"version-history":[{"count":21,"href":"https:\/\/growingseedpaper.com\/fr\/wp-json\/wp\/v2\/pages\/10177\/revisions"}],"predecessor-version":[{"id":16045,"href":"https:\/\/growingseedpaper.com\/fr\/wp-json\/wp\/v2\/pages\/10177\/revisions\/16045"}],"wp:attachment":[{"href":"https:\/\/growingseedpaper.com\/fr\/wp-json\/wp\/v2\/media?parent=10177"}],"curies":[{"name":"wp","href":"https:\/\/api.w.org\/{rel}","templated":true}]}}