{"id":10029,"date":"2024-08-03T19:27:58","date_gmt":"2024-08-03T17:27:58","guid":{"rendered":"https:\/\/growingseedpaper.com\/entreprise\/"},"modified":"2025-02-18T06:24:25","modified_gmt":"2025-02-18T05:24:25","slug":"entreprise","status":"publish","type":"page","link":"https:\/\/growingseedpaper.com\/fr\/entreprise\/","title":{"rendered":"Entreprise"},"content":{"rendered":"<h1 class=\"wp-block-heading\"><br\/>Grupo Posta Votre partenaire pour des campagnes durables<\/h1>Grupo Posta somos una empresa con m\u00e1s de 3 d\u00e9cadas de experiencia en marketing directo que ha ido evolucionando hasta ser un referente en campa\u00f1as de marketing ecol\u00f3gico.<br\/>Proporcionamos los mejores soportes para una comunicaci\u00f3n sostenible y ecol\u00f3gica para todo tipo de campa\u00f1as.<br\/>Comenzamos hace varios a\u00f1os la producci\u00f3n e impresi\u00f3n de papel con semillas, siendo pioneros en Europa. Actualmente, trabajamos en m\u00e1s de 20 pa\u00edses, .<br\/>Utilizamos los m\u00e9todos m\u00e1s modernos de producci\u00f3n e impresi\u00f3n para alcanzar los m\u00e1ximos est\u00e1ndares de calidad y fiabilidad. <br\/>Somos el mejor aliado para las agencias de publicidad y los departamentos de marketing a la hora de planificar una campa\u00f1a de comunicaci\u00f3n comprometida con el medio ambiente.<figure class=\"wp-block-image size-full\"><img loading=\"lazy\" decoding=\"async\" width=\"2167\" height=\"2020\" src=\"https:\/\/growingseedpaper.com\/wp-content\/uploads\/2024\/12\/empresa_cabecera.png\" alt=\"\" class=\"wp-image-273\" srcset=\"https:\/\/growingseedpaper.com\/wp-content\/uploads\/2024\/12\/empresa_cabecera.png 2167w, https:\/\/growingseedpaper.com\/wp-content\/uploads\/2024\/12\/empresa_cabecera-300x280.png 300w, https:\/\/growingseedpaper.com\/wp-content\/uploads\/2024\/12\/empresa_cabecera-1024x955.png 1024w, https:\/\/growingseedpaper.com\/wp-content\/uploads\/2024\/12\/empresa_cabecera-768x716.png 768w, https:\/\/growingseedpaper.com\/wp-content\/uploads\/2024\/12\/empresa_cabecera-1536x1432.png 1536w, https:\/\/growingseedpaper.com\/wp-content\/uploads\/2024\/12\/empresa_cabecera-2048x1909.png 2048w\" sizes=\"auto, (max-width: 2167px) 100vw, 2167px\" \/><\/figure><h2 class=\"wp-block-heading\">Entreprise<\/h2><figure class=\"wp-block-image size-large\"><img loading=\"lazy\" decoding=\"async\" width=\"1024\" height=\"215\" src=\"https:\/\/growingseedpaper.com\/wp-content\/uploads\/2024\/12\/empresa_fondo-1024x215.jpg\" alt=\"\" class=\"wp-image-274\" srcset=\"https:\/\/growingseedpaper.com\/wp-content\/uploads\/2024\/12\/empresa_fondo-1024x215.jpg 1024w, https:\/\/growingseedpaper.com\/wp-content\/uploads\/2024\/12\/empresa_fondo-300x63.jpg 300w, https:\/\/growingseedpaper.com\/wp-content\/uploads\/2024\/12\/empresa_fondo-768x161.jpg 768w, https:\/\/growingseedpaper.com\/wp-content\/uploads\/2024\/12\/empresa_fondo-1536x322.jpg 1536w, https:\/\/growingseedpaper.com\/wp-content\/uploads\/2024\/12\/empresa_fondo-2048x429.jpg 2048w\" sizes=\"auto, (max-width: 1024px) 100vw, 1024px\" \/><\/figure><h2 class=\"wp-block-heading\">Nos certifications<\/h2>Lo que significa poder colocar estos certificados aqu\u00ed es mucho m\u00e1s de lo que imaginas. Representa un gran esfuerzo por mejorar constantemente y un verdadero compromiso con la sociedad, el medio ambiente y el futuro de nuestro planeta.<br\/>Nuestros certificados hablan de una forma de ser, trabajar y pensar. Por eso, usando nuestros papeles estar\u00e1s alineado con nuestra \u00e9tica y valores, y colaborando en promover una filosof\u00eda y gesti\u00f3n que prioriza la responsabilidad social y medioambiental.<br\/>Estas certificaciones tienen un gran valor para nosotros, pero, sobre todo, lo tienen para el mundo, porque ayudan a transformarlo en un lugar mejor.Certifica la gesti\u00f3n sostenible del bosque y el respeto de sus funciones econ\u00f3micas, medioambientales y sociales. Abarca las pr\u00e1cticas de tala y replantaci\u00f3n, pero tambi\u00e9n el bienestar social y econ\u00f3mico de los trabajadores y las comunidades locales.<h3 class=\"wp-block-heading\">PEFC<\/h3><h3 class=\"wp-block-heading\">FSC<\/h3>La certificaci\u00f3n de la gesti\u00f3n forestal FSC\u00ae confirma que el bosque se est\u00e1 gestionando de manera que preserva la biodiversidad y beneficia a las poblaciones y los trabajadores locales, asegurando al mismo tiempo su viabilidad econ\u00f3mica.<h3 class=\"wp-block-heading\">ISO 9001<\/h3>La norma ISO 9001 certifica que una organizaci\u00f3n ha implementado un Sistema de Gesti\u00f3n de Calidad (SGC) y que cumple con los requisitos establecidos por la norma.<br\/> Esta certificaci\u00f3n asegura que los procesos de la organizaci\u00f3n est\u00e1n orientados a la mejora continua y que los productos y servicios suministrados satisfacen las expectativas del cliente.<h1 class=\"wp-block-heading\"><br\/>Grupo Posta Votre partenaire pour des campagnes durables<\/h1>Grupo Posta somos una empresa con m\u00e1s de 3 d\u00e9cadas de experiencia en marketing directo que ha ido evolucionando hasta ser un referente en campa\u00f1as de marketing ecol\u00f3gico.<br\/>Comenzamos hace varios a\u00f1os la producci\u00f3n e impresi\u00f3n de papel con semillas, siendo pioneros en Europa. Actualmente, trabajamos con m\u00e1s de 20 pa\u00edses, proporcionando los mejores soportes para una comunicaci\u00f3n sostenible y ecol\u00f3gica para todo tipo de campa\u00f1as.<br\/>Utilizamos los m\u00e9todos m\u00e1s modernos de producci\u00f3n e impresi\u00f3n para alcanzar los m\u00e1ximos est\u00e1ndares de calidad y fiabilidad. Somos el mejor aliado para las agencias de publicidad y los departamentos de marketing de peque\u00f1as y grandes empresas a la hora de planificar una campa\u00f1a de comunicaci\u00f3n comprometida con el medio ambiente.<figure class=\"wp-block-image size-full\"><img loading=\"lazy\" decoding=\"async\" width=\"2167\" height=\"2020\" src=\"https:\/\/growingseedpaper.com\/wp-content\/uploads\/2024\/12\/empresa_cabecera.png\" alt=\"\" class=\"wp-image-273\" srcset=\"https:\/\/growingseedpaper.com\/wp-content\/uploads\/2024\/12\/empresa_cabecera.png 2167w, https:\/\/growingseedpaper.com\/wp-content\/uploads\/2024\/12\/empresa_cabecera-300x280.png 300w, https:\/\/growingseedpaper.com\/wp-content\/uploads\/2024\/12\/empresa_cabecera-1024x955.png 1024w, https:\/\/growingseedpaper.com\/wp-content\/uploads\/2024\/12\/empresa_cabecera-768x716.png 768w, https:\/\/growingseedpaper.com\/wp-content\/uploads\/2024\/12\/empresa_cabecera-1536x1432.png 1536w, https:\/\/growingseedpaper.com\/wp-content\/uploads\/2024\/12\/empresa_cabecera-2048x1909.png 2048w\" sizes=\"auto, (max-width: 2167px) 100vw, 2167px\" \/><\/figure>","protected":false},"excerpt":{"rendered":"<p>\u00c0 propos de nous et de nos engagements<\/p>\n","protected":false},"author":1,"featured_media":0,"parent":0,"menu_order":0,"comment_status":"closed","ping_status":"closed","template":"","meta":{"_acf_changed":false,"footnotes":""},"class_list":["post-10029","page","type-page","status-publish","hentry"],"acf":[],"_links":{"self":[{"href":"https:\/\/growingseedpaper.com\/fr\/wp-json\/wp\/v2\/pages\/10029","targetHints":{"allow":["GET"]}}],"collection":[{"href":"https:\/\/growingseedpaper.com\/fr\/wp-json\/wp\/v2\/pages"}],"about":[{"href":"https:\/\/growingseedpaper.com\/fr\/wp-json\/wp\/v2\/types\/page"}],"author":[{"embeddable":true,"href":"https:\/\/growingseedpaper.com\/fr\/wp-json\/wp\/v2\/users\/1"}],"replies":[{"embeddable":true,"href":"https:\/\/growingseedpaper.com\/fr\/wp-json\/wp\/v2\/comments?post=10029"}],"version-history":[{"count":1,"href":"https:\/\/growingseedpaper.com\/fr\/wp-json\/wp\/v2\/pages\/10029\/revisions"}],"predecessor-version":[{"id":10062,"href":"https:\/\/growingseedpaper.com\/fr\/wp-json\/wp\/v2\/pages\/10029\/revisions\/10062"}],"wp:attachment":[{"href":"https:\/\/growingseedpaper.com\/fr\/wp-json\/wp\/v2\/media?parent=10029"}],"curies":[{"name":"wp","href":"https:\/\/api.w.org\/{rel}","templated":true}]}}