{"id":9867,"date":"2024-10-12T12:26:03","date_gmt":"2024-10-12T10:26:03","guid":{"rendered":"https:\/\/growingseedpaper.com\/cookies-politik\/"},"modified":"2026-02-09T14:38:00","modified_gmt":"2026-02-09T13:38:00","slug":"cookies-politik","status":"publish","type":"page","link":"https:\/\/growingseedpaper.com\/de\/cookies-politik\/","title":{"rendered":"Cookies-Politik"},"content":{"rendered":"Was sind die Folgen der Deaktivierung von Cookies?\n\nEs ist m\u00f6glich, dass die Struktur und die Funktionalit\u00e4ten dieser Website ge\u00e4ndert werden, um neue Abschnitte, Dienste oder Inhalte hinzuzuf\u00fcgen, was dazu f\u00fchren kann, dass die Nutzung und damit auch unsere Cookie-Politik ge\u00e4ndert werden kann. Wir empfehlen den Nutzern daher, die ver\u00f6ffentlichten Cookie-Richtlinien bei jedem Zugriff auf unsere Website zu \u00fcberpr\u00fcfen, falls es seit dem letzten Besuch \u00c4nderungen gegeben hat. <br>  Wir empfehlen Ihnen, diese Website zu besuchen, um weitere Informationen \u00fcber Cookies zu erhalten.\n\nF\u00fcr die Verarbeitung Verantwortlicher und Kontaktangaben\n\n<b>Datenempf\u00e4nger:<\/b> Personenbezogene Daten werden nicht an Dritte weitergegeben, unbeschadet der oben erw\u00e4hnten Cookies von Dritten und der unten beschriebenen internationalen Daten\u00fcbermittlung.\n\n<h3 class=\"wp-block-heading\"><\/h3>\n\nCookies: Es handelt sich um kleine Textdateien, die auf der Festplatte oder im Speicher des Computers gespeichert werden, der auf die Seiten bestimmter Websites zugreift oder diese besucht, so dass die Pr\u00e4ferenzen des Nutzers bekannt sind, wenn er sich erneut anmeldet. Cookies, die auf der Festplatte des Nutzers gespeichert werden, k\u00f6nnen die darin enthaltenen Daten nicht lesen, nicht auf pers\u00f6nliche Informationen zugreifen und auch keine Cookies lesen, die von anderen Anbietern erstellt wurden.\n\n<h3 class=\"wp-block-heading\">Definitionen<\/h3>\n\n<h1 class=\"wp-block-heading\">Cookies-Politik<\/h1>\n\nEndger\u00e4t: das Ger\u00e4t, von dem aus der Nutzer auf den Dienst zugreift, z. B. ein PC, ein Mobiltelefon, ein Tablet usw., und von dem die Informationen abgerufen werden.\n\nDaten: sind die Informationen, die mit Hilfe des Endger\u00e4ts des Nutzers durch die Datenspeicher- und -abrufvorrichtung (Cookies oder andere) erhalten werden.\n\n\n\nHerausgeber: jede Einrichtung, die Dienste der Informationsgesellschaft anbietet und Eigent\u00fcmer einer Website ist, auf die ein Nutzer zugreifen kann und f\u00fcr deren Bereitstellung Cookies verwendet werden.\n\nNutzer: ist der Empf\u00e4nger, eine nat\u00fcrliche Person, die auf den von einem Herausgeber angebotenen Dienst zugreift, wobei zwischen registrierten und nicht registrierten Nutzern unterschieden wird.\n\n<h3 class=\"wp-block-heading\">Welche Arten von Cookies gibt es?<\/h3>\n\nTechnische Cookies: sind diejenigen, die es dem Nutzer erm\u00f6glichen, auf einer Website, Plattform oder Anwendung zu surfen und die verschiedenen Optionen oder Dienste zu nutzen, die auf ihr vorhanden sind, einschlie\u00dflich derer, die der Herausgeber verwendet, um die Verwaltung und den Betrieb der Website zu erm\u00f6glichen und ihre Funktionen und Dienste zu aktivieren.\n\nDas h\u00e4ngt von der Einrichtung ab, die sie verwaltet:\n\nCookies von Dritten: Es handelt sich um Cookies, die von einem Computer oder einer Dom\u00e4ne, die nicht vom Herausgeber, sondern von einer anderen Einheit, die die durch die Cookies erhaltenen Daten verarbeitet, an das Endger\u00e4t des Benutzers gesendet werden.\n\nEigene Cookies: Es handelt sich um Cookies, die von einem Computer oder einer Dom\u00e4ne, die vom Herausgeber selbst verwaltet wird und von der aus der vom Benutzer angeforderte Dienst erbracht wird, an das Endger\u00e4t des Benutzers gesendet werden.\n\nJe nach ihrem Zweck:\n\nPr\u00e4ferenz- oder Personalisierungs-Cookies: Es handelt sich um Cookies, die es erm\u00f6glichen, Informationen zu speichern, damit der Nutzer mit bestimmten Merkmalen auf den Dienst zugreifen kann, die ihn von anderen Nutzern unterscheiden, wie z. B. die Sprache oder die Anzahl der Ergebnisse, die bei einer Suche angezeigt werden sollen, usw.\n\nAnalyse- oder Mess-Cookies: Dies sind Cookies, die es dem Verantwortlichen erm\u00f6glichen, das Verhalten der Nutzer der Websites, mit denen sie verkn\u00fcpft sind, zu \u00fcberwachen und zu analysieren, einschlie\u00dflich der Quantifizierung der Wirkung von Werbung. Die durch diese Art von Cookies gesammelten Informationen werden verwendet, um die Aktivit\u00e4t der Websites, Anwendungen oder Plattformen zu messen, um Verbesserungen auf der Grundlage der Analyse der von den Nutzern des Dienstes bereitgestellten Nutzungsdaten einzuf\u00fchren.\n\nCookies f\u00fcr verhaltensbasierte Werbung: Sie speichern Informationen \u00fcber das Verhalten der Nutzer, die durch die kontinuierliche Beobachtung ihrer Surfgewohnheiten gewonnen werden und die es erm\u00f6glichen, ein spezifisches Profil zu erstellen, um darauf basierende Werbung anzuzeigen.\n\nJe nachdem, wie lange sie aktiv bleiben:\n\nSitzungscookies: Sie dienen dazu, Daten zu sammeln und zu speichern, w\u00e4hrend der Nutzer eine Seite aufruft. Sie werden in der Regel verwendet, um Informationen zu speichern, die nur f\u00fcr die Bereitstellung des vom Nutzer angeforderten Dienstes aufbewahrt werden m\u00fcssen (z. B. eine Liste der gekauften Produkte), und verschwinden am Ende der Sitzung.\n\nDauerhafte Cookies: Es handelt sich um einen Cookie-Typ, bei dem die Daten auf dem Endger\u00e4t gespeichert bleiben und f\u00fcr einen von der f\u00fcr den Cookie verantwortlichen Partei festgelegten Zeitraum, der von einigen Minuten bis zu mehreren Jahren reichen kann, abgerufen und verarbeitet werden k\u00f6nnen.\n\n<h3 class=\"wp-block-heading\">Welche Art von Cookies verwenden wir auf www.growingseedpaper.com?<\/h3>\n\nErforderliche Cookies:\n\nNotwendige Cookies helfen dabei, eine Website nutzbar zu machen, indem sie grundlegende Funktionen wie die Seitennavigation und den Zugang zu gesch\u00fctzten Bereichen der Website erm\u00f6glichen. Ohne diese Cookies kann die Website nicht richtig funktionieren.\n\nCookie\n\nAnbieter\n\nZweck\n\npapelconsemillas.com\n\nDauer\n\ncmplz_banner-status cmplz_consented-services cmplz_functional cmplz_marketing cmplz_policy_id cmplz_preferences cmplz_statistics\n\n1 Jahr\n\nCookies, die vom Complianz-Cookie-Manager verwendet werden, der Informationen \u00fcber die Annahme von Cookies durch den Nutzer speichert.\n\nStatistische\/analytische Cookies\n\nCookie\n\nAnbieter\n\nZweck\n\nDauer\n\n_Anzeigen\n\nGoogle\n\nRealisierung von Anzeigen in Google Ads\n\nPersistent\n\nDie Art und Weise, wie der Nutzer Cookies deaktivieren kann, h\u00e4ngt von dem oder den verwendeten Browsern ab. Bei allen Browsern k\u00f6nnen Sie die Einstellungen f\u00fcr Cookies \u00e4ndern. Nachstehend finden Sie die Links zu den einzelnen Browsern:    <ul><li><a href=\"https:\/\/support.mozilla.org\/es\/kb\/habilitar-y-deshabilitar-cookies-sitios-web-rastrear-preferencias?redirectlocale=es&amp;redirectslug=habilitar-y-deshabilitar-cookies-que-los-sitios-we\" tarjet=\"_blank\" target=\"_blank\" rel=\"noopener\">Firefox<\/a><\/li><li><a href=\"https:\/\/support.google.com\/chrome\/answer\/95647?hl=es%20\" tarjet=\"_blank\" target=\"_blank\" rel=\"noopener\">Chrom<\/a><\/li><li><a href=\"https:\/\/support.apple.com\/es-es\/guide\/safari\/sfri11471\/mac\" tarjet=\"_blank\" target=\"_blank\" rel=\"noopener\">Safari<\/a><\/li><li><a href=\"https:\/\/support.microsoft.com\/es-es\/help\/17442\/windows-internet-explorer-delete-manage-cookies\" tarjet=\"_blank\" target=\"_blank\" rel=\"noopener\">Microsoft Edge<\/a><\/li><li><a href=\"https:\/\/support.google.com\/accounts\/answer\/61416?co=GENIE.Platform%3DAndroid&amp;hl=es\" tarjet=\"_blank\" target=\"_blank\" rel=\"noopener\">Android<\/a><\/li><li><a href=\"https:\/\/support.apple.com\/es-es\/HT201265\" tarjet=\"_blank\" target=\"_blank\" rel=\"noopener\">IOS<\/a><\/li><\/u><br>Wenn Sie nicht m\u00f6chten, dass Ihre Daten durch Cookies verfolgt werden, hat Google ein Plug-in entwickelt, das Sie in Ihrem Browser installieren k\u00f6nnen. Es kann <a href=\"http:\/\/goo.gl\/up4ND\" tarjet=\"_blank\" target=\"_blank\" rel=\"noopener\">unter folgendem Link<\/a> aufgerufen werden\n\nF\u00fcr Werbung und Webanalyse nutzen wir die Dienste von Google Analytics, die von Google, Llc. bereitgestellt werden, einem Unternehmen aus Delaware mit Hauptsitz in 1600 Amphitheatre Parkway, Mountain View (Kalifornien), CA 94043, Vereinigte Staaten (&#8222;Google&#8220;). Google Analytics verwendet sog. &#8222;Cookies&#8220;, Textdateien, die auf Ihrem Computer gespeichert werden und die eine Analyse der Benutzung der Website durch Sie erm\u00f6glichen. Die durch den Cookie erzeugten Informationen \u00fcber Ihre Benutzung dieser Website (einschlie\u00dflich Ihrer IP-Adresse) werden an einen Server von Google in den USA \u00fcbertragen und dort gespeichert. Google wird diese Informationen in unserem Auftrag benutzen, um Ihre Nutzung der Website auszuwerten, um Reports \u00fcber die Websiteaktivit\u00e4ten f\u00fcr die Websitebetreiber zusammenzustellen und um weitere mit der Websitenutzung und der Internetnutzung verbundene Dienstleistungen zu erbringen. Auch wird Google diese Informationen gegebenenfalls an Dritte \u00fcbertragen, sofern dies gesetzlich vorgeschrieben oder soweit Dritte diese Daten im Auftrag von Google verarbeiten. Google wird Ihre IP-Adresse nicht mit anderen von Google gespeicherten Daten in Verbindung bringen. Sie k\u00f6nnen die Installation der Cookies durch eine entsprechende Einstellung Ihrer Browser Software verhindern; wir weisen Sie jedoch darauf hin, dass Sie in diesem Fall gegebenenfalls nicht s\u00e4mtliche Funktionen dieser Website voll umf\u00e4nglich nutzen k\u00f6nnen.<br><br>Im vorliegenden Fall der Nutzung von Google Analytics wird die Dienstleistung von Google, Llc. erbracht, einem Unternehmen, das als Auftragsverarbeiter fungiert und das, obwohl es sich au\u00dferhalb des Europ\u00e4ischen Wirtschaftsraums befindet, f\u00fcr den internationalen Datentransfer, der mit seiner Nutzung verbunden ist, die entsprechenden Garantien gem\u00e4\u00df Artikel 46.2 c) der Allgemeinen Datenschutzverordnung (von der Europ\u00e4ischen Kommission genehmigte Standardvertragsklauseln) bietet.  <br><a href=\"https:\/\/policies.google.com\/technologies\/cookies?hl=de\" target=\"_blank\" rel=\"noopener\">Google Cookie-Richtlinie<\/a><br><br><a href=\"https:\/\/policies.google.com\/privacy?hl=es\" target=\"_blank\" rel=\"noopener\">Google-Datenschutzbestimmungen<\/a> Weitere Informationen zu Google Analytics-Cookies<a href=\"https:\/\/developers.google.com\/analytics\/resources\/concepts\/gaConceptsCookies\" target=\"_blank\" rel=\"noopener\">finden Sie unter diesem Link.<\/a>\n\nWie kann ich Cookies deaktivieren?\n\n<br>Wenn der Nutzer die Aktivierung von Cookies verhindert oder sie deaktiviert, obwohl er sie zuvor zugelassen hat, kann dies das Funktionieren einiger Funktionen der Website beeintr\u00e4chtigen, wie z. B. die Tatsache, dass die Information \u00fcber die Annahme der ersten Cookie-Warnung nicht gespeichert wird und beim n\u00e4chsten Besuch erneut angezeigt wird. Ebenso k\u00f6nnen wir keine Informationen \u00fcber das Surfen der Nutzer auf unserer Website erhalten, was die Verbesserung der von uns ver\u00f6ffentlichten Informationen und Inhalte sowie deren Pr\u00e4sentation verhindert oder erschwert.\n\n\u00c4nderungen oder Aktualisierungen an unseren Cookie-Richtlinien\n\nWenn Sie Fragen und\/oder Anmerkungen zu unserer Cookie-Politik und dieser Erkl\u00e4rung haben, wenden Sie sich bitte an uns als den f\u00fcr die Datenverarbeitung Verantwortlichen unter den folgenden Kontaktdaten: GRUPO POSTA 2004, S.L. NIF: B01349679 Calle Albertia, n\u00ba 18-20, 01006 Vitoria-Gazteiz (\u00c1lava), Spanien <a href=\"mailto:dpo@grupoposta.com\">dpo@grupoposta.com dpo@grupoposta.com <\/a>\n\nWeitere Fragen zur Verarbeitung von personenbezogenen Daten\n\n<b>Zweck der Verarbeitung:<\/b> Wir verwenden Cookies zu verschiedenen Zwecken, die im Abschnitt &#8222;Welche Art von Cookies verwenden wir auf www.growingseedpaper.com&#8220; f\u00fcr jede Art von Cookie und f\u00fcr jedes Cookie angegeben sind.\n\n<b>Legitimation der Verarbeitung:<\/b> Die Rechtsgrundlage, die die Verarbeitung personenbezogener Daten durch die Verwendung dieser Cookies legitimiert, h\u00e4ngt von den einzelnen Cookies ab, da die Legitimation f\u00fcr notwendige Cookies gerade in ihrer Notwendigkeit f\u00fcr das korrekte Funktionieren der Website und gegebenenfalls ihrer Sicherheit besteht. Was die analytischen Cookies betrifft, so ist die Rechtsgrundlage, die eine solche Verarbeitung legitimiert, die Zustimmung des Nutzers, die er \u00fcber das System erteilt, das in der anf\u00e4nglichen Mitteilung beim Zugriff auf die Website aktiviert ist.\n\n<b>Internationale Daten\u00fcbertragungen:<\/b> Auf dieser Website verwenden wir Cookies von Dritten, die sich au\u00dferhalb des Europ\u00e4ischen Wirtschaftsraums befinden k\u00f6nnen, obwohl die internationalen Daten\u00fcbertragungen, die ihre Verwendung beinhalten, \u00fcber die entsprechenden Garantien gem\u00e4\u00df Artikel 46.2 c) der Allgemeinen Datenschutzverordnung (von der Europ\u00e4ischen Kommission genehmigte Standardvertragsklauseln) verf\u00fcgen. Dies gilt insbesondere f\u00fcr Google-Cookies wie die oben genannten:<a href=\"https:\/\/policies.google.com\/technologies\/cookies?hl=es\" target=\"_blank\" rel=\"noopener\">Google-Cookie-Richtlinie, <\/a><a href=\"https:\/\/policies.google.com\/privacy?hl=es\" target=\"_blank\" rel=\"noopener\">Google-Datenschutzrichtlinie<\/a> Weitere Informationen zu Google Analytics-Cookies <a href=\"https:\/\/developers.google.com\/analytics\/resources\/concepts\/gaConceptsCookies\" target=\"_blank\" rel=\"noopener\">finden Sie unter diesem Link<\/a>.\n\nZus\u00e4tzlich zu den Informationen \u00fcber die Cookie-Richtlinie und die Datenschutzbestimmungen von Google, die wir gerade bereitgestellt haben, empfehlen wir Ihnen, <a href=\"https:\/\/policies.google.com\/technologies\/partner-sites\" target=\"_blank\" rel=\"noopener\">diesen Link zu besuchen, um <\/a>herauszufinden, wie Google Informationen von Websites oder Anwendungen verwendet, die seine Dienste nutzen, und <a href=\"https:\/\/policies.google.com\/technologies\/ads\" tarjet=\"_blank\" target=\"_blank\" rel=\"noopener\"> diesen Link, um <\/a>herauszufinden, wie Google Cookies in der Werbung verwendet.\n\n<b>Aufbewahrungsdauer:<\/b> Die Dauer jedes Cookies ist variabel, daher bitten wir Sie, die Informationen zu lesen, die wir in diesem Zusammenhang in Bezug auf jede Art von Cookie und jedes von ihnen in dem Abschnitt &#8222;Welche Art von Cookies verwenden wir auf www.growingseedpaper.com&#8220; ver\u00f6ffentlicht haben.\n\n<b>Datenschutzrechte:<\/b> Sie k\u00f6nnen Zugang zu Ihren personenbezogenen Daten, deren Berichtigung, L\u00f6schung, Einschr\u00e4nkung der Verarbeitung, Widerspruch oder \u00dcbertragbarkeit beantragen, indem Sie einen schriftlichen Antrag an GRUPO POSTA 2004, S.L., calle Albertia, n\u00ba 18-20, 01006 Vitoria-Gazteiz (\u00c1lava), Spanien richten oder eine E-Mail an dpo@grupoposta.com senden.\n\n<br>B<b>eschwerde bei der Aufsichtsbeh\u00f6rde:<\/b> Sie k\u00f6nnen eine Beschwerde bei der spanischen Datenschutzbeh\u00f6rde einreichen, entweder \u00fcber deren elektronischen Sitz oder unter ihrer Adresse, calle Jorge Juan, n\u00ba 6, C.P. 28001, Madrid. Sie k\u00f6nnen die Informationen \u00fcber die Verarbeitung personenbezogener Daten in unserer <a href=\"naturalbranding.co.uk\/privacy-policy\">Datenschutzerkl\u00e4rung<\/a> einsehen.","protected":false},"excerpt":{"rendered":"<p>Rechtliche Hinweise zu den Nutzungsbedingungen der Website<\/p>\n","protected":false},"author":1,"featured_media":0,"parent":0,"menu_order":0,"comment_status":"closed","ping_status":"closed","template":"","meta":{"_acf_changed":false,"footnotes":""},"class_list":["post-9867","page","type-page","status-publish","hentry"],"acf":[],"_links":{"self":[{"href":"https:\/\/growingseedpaper.com\/de\/wp-json\/wp\/v2\/pages\/9867","targetHints":{"allow":["GET"]}}],"collection":[{"href":"https:\/\/growingseedpaper.com\/de\/wp-json\/wp\/v2\/pages"}],"about":[{"href":"https:\/\/growingseedpaper.com\/de\/wp-json\/wp\/v2\/types\/page"}],"author":[{"embeddable":true,"href":"https:\/\/growingseedpaper.com\/de\/wp-json\/wp\/v2\/users\/1"}],"replies":[{"embeddable":true,"href":"https:\/\/growingseedpaper.com\/de\/wp-json\/wp\/v2\/comments?post=9867"}],"version-history":[{"count":3,"href":"https:\/\/growingseedpaper.com\/de\/wp-json\/wp\/v2\/pages\/9867\/revisions"}],"predecessor-version":[{"id":16742,"href":"https:\/\/growingseedpaper.com\/de\/wp-json\/wp\/v2\/pages\/9867\/revisions\/16742"}],"wp:attachment":[{"href":"https:\/\/growingseedpaper.com\/de\/wp-json\/wp\/v2\/media?parent=9867"}],"curies":[{"name":"wp","href":"https:\/\/api.w.org\/{rel}","templated":true}]}}