{"id":9789,"date":"2024-10-06T09:34:16","date_gmt":"2024-10-06T07:34:16","guid":{"rendered":"https:\/\/growingseedpaper.com\/papiere\/"},"modified":"2026-02-09T14:56:51","modified_gmt":"2026-02-09T13:56:51","slug":"papiere","status":"publish","type":"page","link":"https:\/\/growingseedpaper.com\/de\/papiere\/","title":{"rendered":"Papiere"},"content":{"rendered":"<h1 class=\"wp-block-heading\">Unsere Qualit\u00e4tspapiere<\/h1>\n\n<figure class=\"wp-block-image size-medium_large\"><img loading=\"lazy\" decoding=\"async\" width=\"768\" height=\"717\" src=\"https:\/\/growingseedpaper.com\/wp-content\/uploads\/2024\/12\/papeles_cabecera-768x717.png\" alt class=\"wp-image-6365\" srcset=\"https:\/\/growingseedpaper.com\/wp-content\/uploads\/2024\/12\/papeles_cabecera-768x717.png 768w, https:\/\/growingseedpaper.com\/wp-content\/uploads\/2024\/12\/papeles_cabecera-300x280.png 300w, https:\/\/growingseedpaper.com\/wp-content\/uploads\/2024\/12\/papeles_cabecera-1024x956.png 1024w, https:\/\/growingseedpaper.com\/wp-content\/uploads\/2024\/12\/papeles_cabecera-1536x1434.png 1536w, https:\/\/growingseedpaper.com\/wp-content\/uploads\/2024\/12\/papeles_cabecera-2048x1912.png 2048w\" sizes=\"auto, (max-width: 768px) 100vw, 768px\" \/><\/figure>\n\n<h2 class=\"wp-block-heading\"><br>Papier mit Samen<\/h2>\n\nDie Herstellung und Bedruckung unseres Saatgutpapiers spiegelt unsere Innovationskraft und unser starkes Engagement f\u00fcr Nachhaltigkeit wider.<br><br>Wir verwenden ausschlie\u00dflich recycelte und nachwachsende Rohstoffe, die nach traditionellen, jahrhundertealten Verfahren verarbeitet werden. Dabei f\u00fchren wir gezielte Messungen durch, um sowohl das Samenwachstum als auch die Druckqualit\u00e4t kontinuierlich zu optimieren.<br><br>Die Samen werden w\u00e4hrend des Herstellungsprozesses sorgf\u00e4ltig in den Papierbrei eingearbeitet. Das verleiht unserem Papier nicht nur eine einzigartige, ansprechende Struktur, sondern erm\u00f6glicht auch, dass es nach der Nutzung eingepflanzt werden kann \u2013 so entsteht ein nachhaltiger Lebenszyklus durch neues Pflanzenwachstum.<br><br>Zus\u00e4tzlich setzen wir spezielle Veredelungstechniken ein, um die optimale Oberfl\u00e4chenrauheit zu gew\u00e4hrleisten. Dieser wichtige Schritt garantiert eine perfekte Druckqualit\u00e4t mit exzellenter Tintenaufnahme und beeindruckenden Druckergebnissen.\n\nDas Bedrucken unseres Saatpapiers ist ein weiterer Bereich, in dem wir weiterhin Innovationen vorantreiben.\n\nWir haben spezielle Drucktechniken entwickelt, die es uns erm\u00f6glichen, brillante Farben und hochwertige Veredelungen zu erzielen, ohne die Keimf\u00e4higkeit der Samen zu beeintr\u00e4chtigen.\n\nDabei setzen wir Farben und Verfahren ein, die das empfindliche Zusammenspiel von Papier und Samen respektieren. So gew\u00e4hrleisten wir lebendige und erstklassige Druckergebnisse, w\u00e4hrend die Samen ihre nat\u00fcrliche Keimkraft behalten.\n\n<h3 class=\"wp-block-heading\">Herstellung<\/h3>\n\n<h3 class=\"wp-block-heading\">Drucken<\/h3>\n\n<figure class=\"wp-block-image size-large\"><img loading=\"lazy\" decoding=\"async\" width=\"1024\" height=\"214\" src=\"https:\/\/growingseedpaper.com\/wp-content\/uploads\/2024\/12\/Papel_fondo-1024x214.jpg\" alt class=\"wp-image-6361\" srcset=\"https:\/\/growingseedpaper.com\/wp-content\/uploads\/2024\/12\/Papel_fondo-1024x214.jpg 1024w, https:\/\/growingseedpaper.com\/wp-content\/uploads\/2024\/12\/Papel_fondo-300x63.jpg 300w, https:\/\/growingseedpaper.com\/wp-content\/uploads\/2024\/12\/Papel_fondo-768x161.jpg 768w, https:\/\/growingseedpaper.com\/wp-content\/uploads\/2024\/12\/Papel_fondo-1536x322.jpg 1536w, https:\/\/growingseedpaper.com\/wp-content\/uploads\/2024\/12\/Papel_fondo-2048x429.jpg 2048w\" sizes=\"auto, (max-width: 1024px) 100vw, 1024px\" \/><\/figure>\n\n<h2 class=\"wp-block-heading\">Weitere Informationen:<\/h2>\n\n<h2 class=\"wp-block-heading\">Handgesch\u00f6pftes Papier in verschiedenen Arten und Farben<\/h2>\n\nUnser handgesch\u00f6pftes Papier ist in zahlreichen Varianten und Farben erh\u00e4ltlich, um unterschiedlichen Anforderungen gerecht zu werden.<br><br>Das Papier entsteht, indem Pflanzenfasern mit Wasser vermischt werden, bis eine gleichm\u00e4\u00dfige Masse entsteht. Anschlie\u00dfend werden nat\u00fcrliche Farbstoffe hinzugef\u00fcgt, die f\u00fcr kr\u00e4ftige und einzigartige Farben sorgen.<br><br>Jedes Blatt steht f\u00fcr unser Engagement in Handwerkskunst und Nachhaltigkeit.<br><br>Wir bieten verschiedene Strukturen und Veredelungen an, die sich f\u00fcr vielf\u00e4ltige Einsatzbereiche eignen. Entdecken Sie die Sch\u00f6nheit und Vielseitigkeit unseres handgesch\u00f6pften Papiers \u2013 perfekt f\u00fcr kreative und umweltbewusste Projekte.\n\n<figure class=\"wp-block-image size-medium_large\"><img loading=\"lazy\" decoding=\"async\" width=\"768\" height=\"607\" src=\"https:\/\/growingseedpaper.com\/wp-content\/uploads\/2024\/12\/papeles_01-768x607.png\" alt class=\"wp-image-6362\" srcset=\"https:\/\/growingseedpaper.com\/wp-content\/uploads\/2024\/12\/papeles_01-768x607.png 768w, https:\/\/growingseedpaper.com\/wp-content\/uploads\/2024\/12\/papeles_01-300x237.png 300w, https:\/\/growingseedpaper.com\/wp-content\/uploads\/2024\/12\/papeles_01-1024x809.png 1024w, https:\/\/growingseedpaper.com\/wp-content\/uploads\/2024\/12\/papeles_01-1536x1214.png 1536w, https:\/\/growingseedpaper.com\/wp-content\/uploads\/2024\/12\/papeles_01.png 1933w\" sizes=\"auto, (max-width: 768px) 100vw, 768px\" \/><\/figure>\n\nUnser Bl\u00fctenpapier wird aus Zellstoff gefertigt, der aus Resten der Baumwollverarbeitung gewonnen wird.<br><br>Jedes Blatt entsteht in sorgf\u00e4ltiger Handarbeit: W\u00e4hrend des Herstellungsprozesses werden Bl\u00fctenbl\u00e4tter verschiedener Blumen eingearbeitet. Das verleiht dem Papier ein besonders \u00e4sthetisches, nat\u00fcrliches und unverwechselbares Erscheinungsbild.<br><br>Bl\u00fctenpapier eignet sich hervorragend f\u00fcr die Herstellung von Taschen, Verpackungen, Etuis, Gru\u00dfkarten sowie hochwertigen Druckprodukten f\u00fcr Werbekampagnen. Es ist zudem perfekt f\u00fcr Anwendungen im Luxussegment.<br><br>Die Verbindung aus nachhaltigen Materialien und handwerklicher Raffinesse macht dieses Papier zu einer einzigartigen und stilvollen Wahl f\u00fcr anspruchsvolle Projekte.\n\n<figure class=\"wp-block-image size-medium_large\"><img loading=\"lazy\" decoding=\"async\" width=\"768\" height=\"607\" src=\"https:\/\/growingseedpaper.com\/wp-content\/uploads\/2024\/12\/papeles_03-768x607.png\" alt class=\"wp-image-6364\" srcset=\"https:\/\/growingseedpaper.com\/wp-content\/uploads\/2024\/12\/papeles_03-768x607.png 768w, https:\/\/growingseedpaper.com\/wp-content\/uploads\/2024\/12\/papeles_03-300x237.png 300w, https:\/\/growingseedpaper.com\/wp-content\/uploads\/2024\/12\/papeles_03-1024x809.png 1024w, https:\/\/growingseedpaper.com\/wp-content\/uploads\/2024\/12\/papeles_03-1536x1214.png 1536w, https:\/\/growingseedpaper.com\/wp-content\/uploads\/2024\/12\/papeles_03.png 1934w\" sizes=\"auto, (max-width: 768px) 100vw, 768px\" \/><\/figure>\n\n<h2 class=\"wp-block-heading\"><br>Zellstoffpapier aus Reis<\/h2>\n\nDieses Papier wird aus Nebenprodukten des Reisanbaus hergestellt. Der gewonnene Zellstoff wird mit nat\u00fcrlichen Bindemitteln angereichert, um daraus stabile Papierb\u00f6gen zu formen.<br><br>Seine br\u00e4unliche F\u00e4rbung verleiht dem Papier ein authentisches, naturbelassenes Erscheinungsbild. In Struktur und Haptik erinnert es an Kraftpapier.<br><br>Dank seiner Festigkeit und nat\u00fcrlichen Optik eignet sich dieses Papier besonders gut f\u00fcr Tragetaschen, nachhaltige Verpackungen sowie grafische Materialien in umweltbewussten Werbekampagnen.<br>\n\n<figure class=\"wp-block-image size-medium_large\"><img loading=\"lazy\" decoding=\"async\" width=\"768\" height=\"607\" src=\"https:\/\/growingseedpaper.com\/wp-content\/uploads\/2024\/12\/papeles_02-768x607.png\" alt class=\"wp-image-6363\" srcset=\"https:\/\/growingseedpaper.com\/wp-content\/uploads\/2024\/12\/papeles_02-768x607.png 768w, https:\/\/growingseedpaper.com\/wp-content\/uploads\/2024\/12\/papeles_02-300x237.png 300w, https:\/\/growingseedpaper.com\/wp-content\/uploads\/2024\/12\/papeles_02-1024x809.png 1024w, https:\/\/growingseedpaper.com\/wp-content\/uploads\/2024\/12\/papeles_02-1536x1214.png 1536w, https:\/\/growingseedpaper.com\/wp-content\/uploads\/2024\/12\/papeles_02.png 1933w\" sizes=\"auto, (max-width: 768px) 100vw, 768px\" \/><\/figure>\n\nUnsere handgefertigten Papiere stehen f\u00fcr besondere Qualit\u00e4t und Einzigartigkeit. Dabei kommen ausschlie\u00dflich nat\u00fcrliche Rohstoffe wie Baumwolle, Reis und Weizenstroh zum Einsatz. Zus\u00e4tzlich bieten wir Papiere mit Samen, Bl\u00fctenbl\u00e4ttern und weiteren nat\u00fcrlichen Bestandteilen an.<br><br>Die unterschiedlichen Papierst\u00e4rken erm\u00f6glichen die Herstellung vielf\u00e4ltiger Produkte, darunter Verpackungen, Etiketten und Taschen.<br><br>Jedes Blatt repr\u00e4sentiert unser Engagement f\u00fcr Nachhaltigkeit und kreatives Design. Entdecken Sie die einzigartige \u00c4sthetik unserer handgefertigten Papiere.<br>\n\n<h2 class=\"wp-block-heading\">Ges\u00e4tes Papier<\/h2>\n\n<h2 class=\"wp-block-heading\">Bl\u00fctenpapier<\/h2>\n\n<h2 class=\"wp-block-heading\"><br>Zellstoffpapier aus Reis<\/h2>\n\nDer Zellstoff wird aus den Resten des Reisanbaus gewonnen, und zur Herstellung der Papierbl\u00e4tter werden nat\u00fcrliche Bindemittel hinzugef\u00fcgt.<br>Es hat eine br\u00e4unliche Farbe, die ihm ein sehr nat\u00fcrliches Aussehen verleiht, und seine Textur \u00e4hnelt der von Kraftpapier. Aufgrund seiner Eigenschaften ist es ein Papier, das h\u00e4ufig f\u00fcr die Herstellung von Taschen, Verpackungen und grafischem Material f\u00fcr Werbekampagnen verwendet wird.\n\n<figure class=\"wp-block-image size-medium_large\"><img decoding=\"async\" src=\"https:\/\/growingseedpaper.com\/wp-content\/uploads\/2024\/12\/papeles_02-768x607.png\" alt class=\"wp-image-6363\" height=\"550\" srcset=\"https:\/\/growingseedpaper.com\/wp-content\/uploads\/2024\/12\/papeles_02-768x607.png 768w, https:\/\/growingseedpaper.com\/wp-content\/uploads\/2024\/12\/papeles_02-300x237.png 300w, https:\/\/growingseedpaper.com\/wp-content\/uploads\/2024\/12\/papeles_02-1024x809.png 1024w, https:\/\/growingseedpaper.com\/wp-content\/uploads\/2024\/12\/papeles_02-1536x1214.png 1536w, https:\/\/growingseedpaper.com\/wp-content\/uploads\/2024\/12\/papeles_02.png 1933w\" sizes=\"(max-width: 768px) 100vw, 768px\" \/><\/figure>\n\n<h2 class=\"wp-block-heading\">Handgesch\u00f6pftes Papier in verschiedenen Arten und Farben<\/h2>\n\nUnser Papier wird nach den traditionellsten Produktionsmethoden vollst\u00e4ndig von Hand hergestellt.\n<br><br>Wir verbinden Tradition, Kreativit\u00e4t und Nachhaltigkeit. Es wird aus pflanzlichen Fasern hergestellt, die mit Wasser gemischt werden, woraufhin die Papierbl\u00e4tter in einem manuellen Verfahren geformt und f\u00fcr die Herstellung von Taschen, Umschl\u00e4gen, Gru\u00dfkarten usw. verwendet werden. Seine Beschaffenheit, Textur und Einzigartigkeit erm\u00f6glichen es uns, bei Kampagnen und kreativen Projekten einen Unterscheidungswert zu schaffen und unser Engagement f\u00fcr die Umwelt unter Beweis zu stellen.\n\n<figure class=\"wp-block-image size-medium_large\"><img decoding=\"async\" src=\"https:\/\/growingseedpaper.com\/wp-content\/uploads\/2024\/12\/papeles_01-768x607.png\" alt class=\"wp-image-6362\" height=\"550\" srcset=\"https:\/\/growingseedpaper.com\/wp-content\/uploads\/2024\/12\/papeles_01-768x607.png 768w, https:\/\/growingseedpaper.com\/wp-content\/uploads\/2024\/12\/papeles_01-300x237.png 300w, https:\/\/growingseedpaper.com\/wp-content\/uploads\/2024\/12\/papeles_01-1024x809.png 1024w, https:\/\/growingseedpaper.com\/wp-content\/uploads\/2024\/12\/papeles_01-1536x1214.png 1536w, https:\/\/growingseedpaper.com\/wp-content\/uploads\/2024\/12\/papeles_01.png 1933w\" sizes=\"(max-width: 768px) 100vw, 768px\" \/><\/figure>\n\n<h2 class=\"wp-block-heading\">Handgesch\u00f6pftes Papier in verschiedenen Arten und Farben<\/h2>\n\nUnser Papier wird nach den traditionellsten Produktionsmethoden vollst\u00e4ndig von Hand hergestellt.\n<br><br>Wir verbinden Tradition, Kreativit\u00e4t und Nachhaltigkeit. Es wird aus pflanzlichen Fasern hergestellt, die mit Wasser gemischt werden, woraufhin die Papierbl\u00e4tter in einem manuellen Verfahren geformt und f\u00fcr die Herstellung von Taschen, Umschl\u00e4gen, Gru\u00dfkarten usw. verwendet werden. Seine Beschaffenheit, Textur und Einzigartigkeit erm\u00f6glichen es uns, bei Kampagnen und kreativen Projekten einen Unterscheidungswert zu schaffen und unser Engagement f\u00fcr die Umwelt unter Beweis zu stellen.\n\n<figure class=\"wp-block-image size-medium_large\"><img decoding=\"async\" src=\"https:\/\/growingseedpaper.com\/wp-content\/uploads\/2024\/12\/papeles_03-768x607.png\" alt class=\"wp-image-6364\" height=\"550\" srcset=\"https:\/\/growingseedpaper.com\/wp-content\/uploads\/2024\/12\/papeles_03-768x607.png 768w, https:\/\/growingseedpaper.com\/wp-content\/uploads\/2024\/12\/papeles_03-300x237.png 300w, https:\/\/growingseedpaper.com\/wp-content\/uploads\/2024\/12\/papeles_03-1024x809.png 1024w, https:\/\/growingseedpaper.com\/wp-content\/uploads\/2024\/12\/papeles_03-1536x1214.png 1536w, https:\/\/growingseedpaper.com\/wp-content\/uploads\/2024\/12\/papeles_03.png 1934w\" sizes=\"(max-width: 768px) 100vw, 768px\" \/><\/figure>\n\n<h1 class=\"wp-block-heading\">Unsere Rollen<\/h1>\n\nUnsere Papiere sind handgefertigt, was eine einzigartige und besondere Qualit\u00e4t garantiert. Wir verwenden verschiedene nat\u00fcrliche Rohstoffe wie Baumwolle, Reis und Weizenstroh. Wir bieten auch Papiere mit Samen, Bl\u00fctenbl\u00e4ttern und anderen nat\u00fcrlichen Elementen an.    <br>Unsere Papiere werden in verschiedenen St\u00e4rken hergestellt, um verschiedene Arten von Produkten wie Verpackungen, Etiketten, Taschen und viele andere Produkte herzustellen.  <br>Jedes Blatt ist ein Spiegelbild unseres Engagements f\u00fcr Nachhaltigkeit und Kreativit\u00e4t. Entdecken Sie die Sch\u00f6nheit und Einzigartigkeit unserer handgefertigten Produkte.\n\n<figure class=\"wp-block-image size-medium_large\"><img loading=\"lazy\" decoding=\"async\" width=\"768\" height=\"717\" src=\"https:\/\/growingseedpaper.com\/wp-content\/uploads\/2024\/12\/papeles_cabecera-768x717.png\" alt class=\"wp-image-6365\" srcset=\"https:\/\/growingseedpaper.com\/wp-content\/uploads\/2024\/12\/papeles_cabecera-768x717.png 768w, https:\/\/growingseedpaper.com\/wp-content\/uploads\/2024\/12\/papeles_cabecera-300x280.png 300w, https:\/\/growingseedpaper.com\/wp-content\/uploads\/2024\/12\/papeles_cabecera-1024x956.png 1024w, https:\/\/growingseedpaper.com\/wp-content\/uploads\/2024\/12\/papeles_cabecera-1536x1434.png 1536w, https:\/\/growingseedpaper.com\/wp-content\/uploads\/2024\/12\/papeles_cabecera-2048x1912.png 2048w\" sizes=\"auto, (max-width: 768px) 100vw, 768px\" \/><\/figure>","protected":false},"excerpt":{"rendered":"<p>Alle unsere Papiere sind erh\u00e4ltlich. Ihre Verarbeitung, Textur und Einzigartigkeit erm\u00f6glichen es ihnen, sich bei Kampagnen und kreativen Projekten zu differenzieren und ihr Engagement f\u00fcr die Umwelt zu demonstrieren. <\/p>\n","protected":false},"author":1,"featured_media":0,"parent":0,"menu_order":0,"comment_status":"closed","ping_status":"closed","template":"","meta":{"_acf_changed":false,"footnotes":""},"class_list":["post-9789","page","type-page","status-publish","hentry"],"acf":[],"_links":{"self":[{"href":"https:\/\/growingseedpaper.com\/de\/wp-json\/wp\/v2\/pages\/9789","targetHints":{"allow":["GET"]}}],"collection":[{"href":"https:\/\/growingseedpaper.com\/de\/wp-json\/wp\/v2\/pages"}],"about":[{"href":"https:\/\/growingseedpaper.com\/de\/wp-json\/wp\/v2\/types\/page"}],"author":[{"embeddable":true,"href":"https:\/\/growingseedpaper.com\/de\/wp-json\/wp\/v2\/users\/1"}],"replies":[{"embeddable":true,"href":"https:\/\/growingseedpaper.com\/de\/wp-json\/wp\/v2\/comments?post=9789"}],"version-history":[{"count":8,"href":"https:\/\/growingseedpaper.com\/de\/wp-json\/wp\/v2\/pages\/9789\/revisions"}],"predecessor-version":[{"id":16746,"href":"https:\/\/growingseedpaper.com\/de\/wp-json\/wp\/v2\/pages\/9789\/revisions\/16746"}],"wp:attachment":[{"href":"https:\/\/growingseedpaper.com\/de\/wp-json\/wp\/v2\/media?parent=9789"}],"curies":[{"name":"wp","href":"https:\/\/api.w.org\/{rel}","templated":true}]}}