{"id":9525,"date":"2024-08-03T19:27:27","date_gmt":"2024-08-03T17:27:27","guid":{"rendered":"https:\/\/growingseedpaper.com\/startseite\/"},"modified":"2026-02-06T12:17:34","modified_gmt":"2026-02-06T11:17:34","slug":"startseite","status":"publish","type":"page","link":"https:\/\/growingseedpaper.com\/de\/","title":{"rendered":"Startseite"},"content":{"rendered":"<h1 class=\"wp-block-heading\">Nachhaltige Kommunikation f\u00f6rdern<\/h1>\n\nDie Grundlage f\u00fcr eine umweltbewusste Zukunft schaffen und langfristige Ergebnisse erzielen.\n\n<h2 class=\"wp-block-heading\">Unsere Kunden<\/h2>\n\nWir arbeiten mit ganz unterschiedlichen Kundengruppen \u2013 von gro\u00dfen Unternehmen mit hohen Auflagen bis hin zu kleinen, lokalen Projekten. Dank unserer flexiblen Produktionsweise k\u00f6nnen wir individuelle Anforderungen zuverl\u00e4ssig und effizient umsetzen.\n\n<h2 class=\"wp-block-heading\">Unsere Produkte<\/h2>\n\n<h2 class=\"wp-block-heading\">Bei Seedpaper gestalten wir alles individuell f\u00fcr Sie \u2013 von Verpackungen und Umschl\u00e4gen bis hin zu Flyern und Taschen. Unsere L\u00f6sungen passen wir flexibel Ihren Vorstellungen an \u2013 stets markenkonform und ganz nach Ihrem Stil.<\/h2>\n\nUnsere Produkte sind Ma\u00dfanfertigungen \u2013 individuell gestaltet und perfekt auf Ihre W\u00fcnsche abgestimmt. Ob Design, Materialien oder St\u00fcckzahlen: Wir richten uns ganz nach Ihren Bed\u00fcrfnissen.\n\nAuf dieser Website finden Sie eine gro\u00dfe Auswahl unserer Produkte \u2013 manche passen zu Ihren Vorhaben, andere dienen Ihnen hoffentlich als Inspiration.\n\nAber wenn Sie etwas ganz Besonderes suchen, das Sie hier nicht finden: Melden Sie sich einfach bei uns! Erz\u00e4hlen Sie uns von Ihren Ideen \u2013 wir freuen uns darauf, sie gemeinsam mit Ihnen zum Leben zu erwecken.\n\n<div class=\"wp-block-buttons is-layout-flex wp-block-buttons-is-layout-flex\"><div class=\"wp-block-button\"><a class=\"wp-block-button__link\">Mehr erfahren<\/a><\/div><\/div>\n\n<h2 class=\"wp-block-heading\">Weitere Informationen:<\/h2>\n\n<h2 class=\"wp-block-heading\">Unser Engagement<\/h2>\n\nZum Schutz der Artenvielfalt: \n\nWir verwenden ausschlie\u00dflich Samen von Bl\u00fchpflanzen, die Bienen und anderen Best\u00e4ubern als wichtige Nahrungsquelle dienen.","protected":false},"excerpt":{"rendered":"<p>Nachhaltige Kommunikation kultivieren<\/p>\n","protected":false},"author":1,"featured_media":9526,"parent":0,"menu_order":0,"comment_status":"closed","ping_status":"closed","template":"","meta":{"_acf_changed":false,"footnotes":""},"class_list":["post-9525","page","type-page","status-publish","has-post-thumbnail","hentry"],"acf":[],"_links":{"self":[{"href":"https:\/\/growingseedpaper.com\/de\/wp-json\/wp\/v2\/pages\/9525","targetHints":{"allow":["GET"]}}],"collection":[{"href":"https:\/\/growingseedpaper.com\/de\/wp-json\/wp\/v2\/pages"}],"about":[{"href":"https:\/\/growingseedpaper.com\/de\/wp-json\/wp\/v2\/types\/page"}],"author":[{"embeddable":true,"href":"https:\/\/growingseedpaper.com\/de\/wp-json\/wp\/v2\/users\/1"}],"replies":[{"embeddable":true,"href":"https:\/\/growingseedpaper.com\/de\/wp-json\/wp\/v2\/comments?post=9525"}],"version-history":[{"count":22,"href":"https:\/\/growingseedpaper.com\/de\/wp-json\/wp\/v2\/pages\/9525\/revisions"}],"predecessor-version":[{"id":16605,"href":"https:\/\/growingseedpaper.com\/de\/wp-json\/wp\/v2\/pages\/9525\/revisions\/16605"}],"wp:featuredmedia":[{"embeddable":true,"href":"https:\/\/growingseedpaper.com\/de\/wp-json\/wp\/v2\/media\/9526"}],"wp:attachment":[{"href":"https:\/\/growingseedpaper.com\/de\/wp-json\/wp\/v2\/media?parent=9525"}],"curies":[{"name":"wp","href":"https:\/\/api.w.org\/{rel}","templated":true}]}}