{"id":10083,"date":"2024-08-03T19:27:58","date_gmt":"2024-08-03T17:27:58","guid":{"rendered":"https:\/\/growingseedpaper.com\/unternehmen\/"},"modified":"2026-02-12T14:29:28","modified_gmt":"2026-02-12T13:29:28","slug":"unternehmen","status":"publish","type":"page","link":"https:\/\/growingseedpaper.com\/de\/unternehmen\/","title":{"rendered":"\u00dcber uns"},"content":{"rendered":"<h1 class=\"wp-block-heading\">Grupo Posta \u2013 Ihr Partner f\u00fcr nachhaltiges Marketing<\/h1>\n\nIn Grupo Posta haben wir \u00fcber 30 Jahre Erfahrung im Direktmarketing. Wir haben uns auf \u00f6kologische Marketingkampagnen spezialisiert und bieten umfassende Unterst\u00fctzung f\u00fcr nachhaltige und umweltfreundliche Kommunikationsl\u00f6sungen an.<br><br>Wir helfen Ihnen dabei, nachhaltige Marketingkampagnen zu planen und umzusetzen \u2013 von der ersten Idee bis zur fertigen Produktion. Wir arbeiten mit modernen Druck- und Produktionstechniken, damit Ihre Kampagne zuverl\u00e4ssig umgesetzt wird und h\u00f6chste Qualit\u00e4tsstandards erf\u00fcllt.<br><br>Aktuell sind wir in \u00fcber 20 L\u00e4ndern aktiv und arbeiten eng mit Agenturen und Marketingteams zusammen, die Wert auf umweltbewusstes Handeln legen.\n\n<figure class=\"wp-block-image size-full\"><img loading=\"lazy\" decoding=\"async\" width=\"2167\" height=\"2020\" src=\"https:\/\/growingseedpaper.com\/wp-content\/uploads\/2024\/12\/empresa_cabecera.png\" alt class=\"wp-image-10084\" srcset=\"https:\/\/growingseedpaper.com\/wp-content\/uploads\/2024\/12\/empresa_cabecera.png 2167w, https:\/\/growingseedpaper.com\/wp-content\/uploads\/2024\/12\/empresa_cabecera-300x280.png 300w, https:\/\/growingseedpaper.com\/wp-content\/uploads\/2024\/12\/empresa_cabecera-1024x955.png 1024w, https:\/\/growingseedpaper.com\/wp-content\/uploads\/2024\/12\/empresa_cabecera-768x716.png 768w, https:\/\/growingseedpaper.com\/wp-content\/uploads\/2024\/12\/empresa_cabecera-1536x1432.png 1536w, https:\/\/growingseedpaper.com\/wp-content\/uploads\/2024\/12\/empresa_cabecera-2048x1909.png 2048w\" sizes=\"auto, (max-width: 2167px) 100vw, 2167px\" \/><\/figure>\n\n<h2 class=\"wp-block-heading\">Unternehmen<\/h2>\n\n<figure class=\"wp-block-image size-large\"><img loading=\"lazy\" decoding=\"async\" width=\"1024\" height=\"215\" src=\"https:\/\/growingseedpaper.com\/wp-content\/uploads\/2024\/12\/empresa_fondo-1024x215.jpg\" alt class=\"wp-image-10092\" srcset=\"https:\/\/growingseedpaper.com\/wp-content\/uploads\/2024\/12\/empresa_fondo-1024x215.jpg 1024w, https:\/\/growingseedpaper.com\/wp-content\/uploads\/2024\/12\/empresa_fondo-300x63.jpg 300w, https:\/\/growingseedpaper.com\/wp-content\/uploads\/2024\/12\/empresa_fondo-768x161.jpg 768w, https:\/\/growingseedpaper.com\/wp-content\/uploads\/2024\/12\/empresa_fondo-1536x322.jpg 1536w, https:\/\/growingseedpaper.com\/wp-content\/uploads\/2024\/12\/empresa_fondo-2048x429.jpg 2048w\" sizes=\"auto, (max-width: 1024px) 100vw, 1024px\" \/><\/figure>\n\n<h2 class=\"wp-block-heading\">Unsere Zertifizierungen<\/h2>\n\nF\u00fcr uns sind Zertifizierungen nicht nur formale Auszeichnungen, sondern best\u00e4tigen auch, wof\u00fcr wir stehen. Jedes einzelne Zertifikat ist das Ergebnis einer harten Arbeit, eine st\u00e4ndige Weiterentwicklung und das Engagement, das wir f\u00fcr Umwelt, Gesellschaft und eine nachhaltige Zukunft haben. <br><br>Wenn Sie unsere Produkte verwenden, unterst\u00fctzen Sie genau diese Werte. In diesem Moment entscheiden Sie sich f\u00fcr ein Unternehmen, das soziale und \u00f6kologische Verantwortung ernst nimmt \u2013 in der Produktion, im Denken und im Handeln.<br><br>Unsere Zertifikate stehen also nicht nur f\u00fcr Qualit\u00e4t, sondern auch f\u00fcr eine Haltung. F\u00fcr einen Beitrag zu einer besseren Welt.\n\nDas PEFC-Zertifikat best\u00e4tigt, dass W\u00e4lder nachhaltig bewirtschaftet und dabei wirtschaftliche, \u00f6kologische und soziale Aspekte ber\u00fccksichtigt werden. Das hei\u00dft, es geht nicht nur um richtiges F\u00e4llen und Nachpflanzen von B\u00e4umen, sondern auch darum, das soziale und wirtschafltiche Wohlergehen der Arbeiter und der lokalen Gemeinschaft zu unterst\u00fctzen.\n\n<h3 class=\"wp-block-heading\">PEFC<\/h3>\n\n<h3 class=\"wp-block-heading\">FSC<\/h3>\n\nDie FSC\u00ae-Zertifizierung f\u00fcr Waldbewirtschaftung stellt sicher, dass W\u00e4lder nachhaltig und verantwortungsvoll genutzt werden. Dabei werden die Erhaltung der biologischen Vielfalt, sowie die F\u00f6rderung der Rechte und des Wohlergehens der lokalen Bev\u00f6lkerung und der Arbeitnehmer ebenso gew\u00e4hrleistet wie die langfristige wirtschaftliche Tragf\u00e4higkeit des Waldes.\n\n<h3 class=\"wp-block-heading\">ISO 9001<\/h3>\n\nDie ISO 9001-Zertifizierung best\u00e4tigt, dass ein Unternehmen ein wirksames Qualit\u00e4tsmanagementsystem (QMS) implementiert hat und die Anforderungen der international anerkannten Richtlinie erf\u00fcllt. Sie steht f\u00fcr strukturierte Prozesse, klare Verantwortlichkeiten und einen laufenden Verbesserungsprozess \u2013 mit dem Ziel, Produkte und Dienstleistungen bereitzustellen, die permanent den Erwartungen der Kundinnen und Kunden entsprechen.\n\n<h1 class=\"wp-block-heading\"><br>Grupo Posta Ihr Partner f\u00fcr nachhaltige Kampagnen<\/h1>\n\n<br>Grupo Posta ist ein Unternehmen mit mehr als 3 Jahrzehnten Erfahrung im Direktmarketing, das sich zu einer Referenz f\u00fcr \u00f6kologische Marketingkampagnen entwickelt hat. Vor mehreren Jahren begannen wir als Pioniere in Europa mit der Produktion und dem Druck von Saatgutpapier.<br>Heute arbeiten wir mit mehr als 20 L\u00e4ndern zusammen und bieten die beste Unterst\u00fctzung f\u00fcr nachhaltige und \u00f6kologische Kommunikation f\u00fcr alle Arten von Kampagnen. Wir verwenden die modernsten Produktions- und Druckmethoden, um die h\u00f6chsten Standards f\u00fcr Qualit\u00e4t und Zuverl\u00e4ssigkeit zu erreichen. Wir sind der beste Partner f\u00fcr Werbeagenturen und Marketingabteilungen kleiner und gro\u00dfer Unternehmen, wenn es um die Planung einer Kommunikationskampagne geht, die der Umwelt verpflichtet ist.\n\n<figure class=\"wp-block-image size-full\"><img loading=\"lazy\" decoding=\"async\" width=\"2167\" height=\"2020\" src=\"https:\/\/growingseedpaper.com\/wp-content\/uploads\/2024\/12\/empresa_cabecera.png\" alt class=\"wp-image-10084\" srcset=\"https:\/\/growingseedpaper.com\/wp-content\/uploads\/2024\/12\/empresa_cabecera.png 2167w, https:\/\/growingseedpaper.com\/wp-content\/uploads\/2024\/12\/empresa_cabecera-300x280.png 300w, https:\/\/growingseedpaper.com\/wp-content\/uploads\/2024\/12\/empresa_cabecera-1024x955.png 1024w, https:\/\/growingseedpaper.com\/wp-content\/uploads\/2024\/12\/empresa_cabecera-768x716.png 768w, https:\/\/growingseedpaper.com\/wp-content\/uploads\/2024\/12\/empresa_cabecera-1536x1432.png 1536w, https:\/\/growingseedpaper.com\/wp-content\/uploads\/2024\/12\/empresa_cabecera-2048x1909.png 2048w\" sizes=\"auto, (max-width: 2167px) 100vw, 2167px\" \/><\/figure>","protected":false},"excerpt":{"rendered":"<p>\u00dcber uns und unser Engagement<\/p>\n","protected":false},"author":1,"featured_media":0,"parent":0,"menu_order":0,"comment_status":"closed","ping_status":"closed","template":"","meta":{"_acf_changed":false,"footnotes":""},"class_list":["post-10083","page","type-page","status-publish","hentry"],"acf":[],"_links":{"self":[{"href":"https:\/\/growingseedpaper.com\/de\/wp-json\/wp\/v2\/pages\/10083","targetHints":{"allow":["GET"]}}],"collection":[{"href":"https:\/\/growingseedpaper.com\/de\/wp-json\/wp\/v2\/pages"}],"about":[{"href":"https:\/\/growingseedpaper.com\/de\/wp-json\/wp\/v2\/types\/page"}],"author":[{"embeddable":true,"href":"https:\/\/growingseedpaper.com\/de\/wp-json\/wp\/v2\/users\/1"}],"replies":[{"embeddable":true,"href":"https:\/\/growingseedpaper.com\/de\/wp-json\/wp\/v2\/comments?post=10083"}],"version-history":[{"count":10,"href":"https:\/\/growingseedpaper.com\/de\/wp-json\/wp\/v2\/pages\/10083\/revisions"}],"predecessor-version":[{"id":16764,"href":"https:\/\/growingseedpaper.com\/de\/wp-json\/wp\/v2\/pages\/10083\/revisions\/16764"}],"wp:attachment":[{"href":"https:\/\/growingseedpaper.com\/de\/wp-json\/wp\/v2\/media?parent=10083"}],"curies":[{"name":"wp","href":"https:\/\/api.w.org\/{rel}","templated":true}]}}